{"id":4607,"date":"2025-12-09T12:15:46","date_gmt":"2025-12-09T10:15:46","guid":{"rendered":"https:\/\/www.elstrespins.com\/cursos\/"},"modified":"2025-12-17T11:19:06","modified_gmt":"2025-12-17T09:19:06","slug":"cursos","status":"publish","type":"page","link":"https:\/\/www.elstrespins.com\/es\/cursos\/","title":{"rendered":"\u00a0Cursos\u00a0"},"content":{"rendered":"\t\t<div data-elementor-type=\"wp-page\" data-elementor-id=\"4607\" class=\"elementor elementor-4607 elementor-2732\" data-elementor-post-type=\"page\">\n\t\t\t\t<div class=\"elementor-element elementor-element-7505a1b e-flex e-con-boxed e-con e-parent\" data-id=\"7505a1b\" data-element_type=\"container\" data-e-type=\"container\" data-settings=\"{&quot;background_background&quot;:&quot;classic&quot;,&quot;shape_divider_bottom&quot;:&quot;waves&quot;}\">\n\t\t\t\t\t<div class=\"e-con-inner\">\n\t\t\t\t<div class=\"elementor-shape elementor-shape-bottom\" aria-hidden=\"true\" data-negative=\"false\">\n\t\t\t<svg xmlns=\"http:\/\/www.w3.org\/2000\/svg\" viewBox=\"0 0 1000 100\" preserveAspectRatio=\"none\">\n\t<path class=\"elementor-shape-fill\" d=\"M421.9,6.5c22.6-2.5,51.5,0.4,75.5,5.3c23.6,4.9,70.9,23.5,100.5,35.7c75.8,32.2,133.7,44.5,192.6,49.7\n\tc23.6,2.1,48.7,3.5,103.4-2.5c54.7-6,106.2-25.6,106.2-25.6V0H0v30.3c0,0,72,32.6,158.4,30.5c39.2-0.7,92.8-6.7,134-22.4\n\tc21.2-8.1,52.2-18.2,79.7-24.2C399.3,7.9,411.6,7.5,421.9,6.5z\"\/>\n<\/svg>\t\t<\/div>\n\t\t\t\t<div class=\"elementor-element elementor-element-35b6f1a elementor-widget elementor-widget-heading\" data-id=\"35b6f1a\" data-element_type=\"widget\" data-e-type=\"widget\" data-settings=\"{&quot;wdt_animation_effect&quot;:&quot;none&quot;}\" data-widget_type=\"heading.default\">\n\t\t\t\t<div class=\"elementor-widget-container\">\n\t\t\t\t\t<h1 class=\"elementor-heading-title elementor-size-default\">Cursos<\/h1>\t\t\t\t<\/div>\n\t\t\t\t<\/div>\n\t\t\t\t<div class=\"elementor-element elementor-element-0ab64a9 elementor-widget elementor-widget-hfe-breadcrumbs-widget\" data-id=\"0ab64a9\" data-element_type=\"widget\" data-e-type=\"widget\" data-settings=\"{&quot;wdt_animation_effect&quot;:&quot;none&quot;}\" data-widget_type=\"hfe-breadcrumbs-widget.default\">\n\t\t\t\t<div class=\"elementor-widget-container\">\n\t\t\t\t\t<nav aria-label=\"Breadcrumb\"><ul class=\"hfe-breadcrumbs hfe-breadcrumbs-show-home\"><li class=\"hfe-breadcrumbs-item hfe-breadcrumbs-first\"><span class=\"hfe-breadcrumbs-home-icon\"><\/span><a href=\"https:\/\/www.elstrespins.com\/es\/\"><span class=\"hfe-breadcrumbs-text\">INICIO<\/span><\/a><\/li><\/ul><\/nav>\t\t\t\t<\/div>\n\t\t\t\t<\/div>\n\t\t\t\t\t<\/div>\n\t\t\t\t<\/div>\n\t\t<div class=\"elementor-element elementor-element-13d7beb e-flex e-con-boxed e-con e-parent\" data-id=\"13d7beb\" data-element_type=\"container\" data-e-type=\"container\">\n\t\t\t\t\t<div class=\"e-con-inner\">\n\t\t\t\t<div class=\"elementor-element elementor-element-00ff782 elementor-grid-1 elementor-posts--thumbnail-left elementor-hidden-mobile_extra elementor-hidden-mobile elementor-grid-tablet-2 elementor-grid-mobile-1 elementor-widget elementor-widget-posts\" data-id=\"00ff782\" data-element_type=\"widget\" data-e-type=\"widget\" data-settings=\"{&quot;classic_columns&quot;:&quot;1&quot;,&quot;classic_row_gap&quot;:{&quot;unit&quot;:&quot;px&quot;,&quot;size&quot;:36,&quot;sizes&quot;:[]},&quot;classic_columns_tablet&quot;:&quot;2&quot;,&quot;classic_columns_mobile&quot;:&quot;1&quot;,&quot;classic_row_gap_laptop&quot;:{&quot;unit&quot;:&quot;px&quot;,&quot;size&quot;:&quot;&quot;,&quot;sizes&quot;:[]},&quot;classic_row_gap_tablet_extra&quot;:{&quot;unit&quot;:&quot;px&quot;,&quot;size&quot;:&quot;&quot;,&quot;sizes&quot;:[]},&quot;classic_row_gap_tablet&quot;:{&quot;unit&quot;:&quot;px&quot;,&quot;size&quot;:&quot;&quot;,&quot;sizes&quot;:[]},&quot;classic_row_gap_mobile_extra&quot;:{&quot;unit&quot;:&quot;px&quot;,&quot;size&quot;:&quot;&quot;,&quot;sizes&quot;:[]},&quot;classic_row_gap_mobile&quot;:{&quot;unit&quot;:&quot;px&quot;,&quot;size&quot;:&quot;&quot;,&quot;sizes&quot;:[]},&quot;wdt_animation_effect&quot;:&quot;none&quot;}\" data-widget_type=\"posts.classic\">\n\t\t\t\t<div class=\"elementor-widget-container\">\n\t\t\t\t\t\t\t<div class=\"elementor-posts-container elementor-posts elementor-posts--skin-classic elementor-grid\" role=\"list\">\n\t\t\t\t<article class=\"elementor-post elementor-grid-item post-6379 post type-post status-publish format-standard has-post-thumbnail hentry category-cursos\" role=\"listitem\">\n\t\t\t\t<a class=\"elementor-post__thumbnail__link\" href=\"https:\/\/www.elstrespins.com\/es\/curso-de-educador-y-ensinistrador-canino-empezamos-en-septiembre-de-2026\/\" tabindex=\"-1\" >\n\t\t\t<div class=\"elementor-post__thumbnail\"><img fetchpriority=\"high\" decoding=\"async\" width=\"763\" height=\"412\" src=\"https:\/\/www.elstrespins.com\/wp-content\/uploads\/2025\/12\/LOGO-CANINA-RODO-sense-fons-1.png\" class=\"attachment-full size-full wp-image-5321\" alt=\"\" srcset=\"https:\/\/www.elstrespins.com\/wp-content\/uploads\/2025\/12\/LOGO-CANINA-RODO-sense-fons-1.png 763w, https:\/\/www.elstrespins.com\/wp-content\/uploads\/2025\/12\/LOGO-CANINA-RODO-sense-fons-1-300x162.png 300w\" sizes=\"(max-width: 763px) 100vw, 763px\" \/><\/div>\n\t\t<\/a>\n\t\t\t\t<div class=\"elementor-post__text\">\n\t\t\t\t<h2 class=\"elementor-post__title\">\n\t\t\t<a href=\"https:\/\/www.elstrespins.com\/es\/curso-de-educador-y-ensinistrador-canino-empezamos-en-septiembre-de-2026\/\" >\n\t\t\t\tCurso de educador\/a y ensinistrador\/a canino &#8211; Empezamos en septiembre de 2026\t\t\t<\/a>\n\t\t<\/h2>\n\t\t\t\t<div class=\"elementor-post__excerpt\">\n\t\t\t<p>Del 19 de septiembre de 2026 al 26 de junio de 2027 Curso de Ensinistrador y Educador\/a Canino La Real Sociedad Canina de Catalunya, entidad con m\u00e1s de 100 a\u00f1os de historia (fundada el 1917) y reconocida oficialmente por la Generalitat de Catalunya, ofrece el curso de Ensinistrador y Educador\/a<\/p>\n\t\t<\/div>\n\t\t\n\t\t<a class=\"elementor-post__read-more\" href=\"https:\/\/www.elstrespins.com\/es\/curso-de-educador-y-ensinistrador-canino-empezamos-en-septiembre-de-2026\/\" aria-label=\"M\u00e1s informaci\u00f3n sobre Curso de educador\/a y ensinistrador\/a canino &#8211; Empezamos en septiembre de 2026\" tabindex=\"-1\" >\n\t\t\t Llegir m\u00e9s \u00bb\t\t<\/a>\n\n\t\t\t\t<\/div>\n\t\t\t\t<\/article>\n\t\t\t\t<article class=\"elementor-post elementor-grid-item post-6373 post type-post status-publish format-standard has-post-thumbnail hentry category-cursos\" role=\"listitem\">\n\t\t\t\t<a class=\"elementor-post__thumbnail__link\" href=\"https:\/\/www.elstrespins.com\/es\/curso-de-tecnica-en-terapias-asistidas-con-perros-mayo-del-2026\/\" tabindex=\"-1\" >\n\t\t\t<div class=\"elementor-post__thumbnail\"><img decoding=\"async\" width=\"1000\" height=\"667\" src=\"https:\/\/www.elstrespins.com\/wp-content\/uploads\/2026\/03\/5-ELNA-DORY.jpg\" class=\"attachment-full size-full wp-image-6425\" alt=\"\" srcset=\"https:\/\/www.elstrespins.com\/wp-content\/uploads\/2026\/03\/5-ELNA-DORY.jpg 1000w, https:\/\/www.elstrespins.com\/wp-content\/uploads\/2026\/03\/5-ELNA-DORY-300x200.jpg 300w, https:\/\/www.elstrespins.com\/wp-content\/uploads\/2026\/03\/5-ELNA-DORY-768x512.jpg 768w\" sizes=\"(max-width: 1000px) 100vw, 1000px\" \/><\/div>\n\t\t<\/a>\n\t\t\t\t<div class=\"elementor-post__text\">\n\t\t\t\t<h2 class=\"elementor-post__title\">\n\t\t\t<a href=\"https:\/\/www.elstrespins.com\/es\/curso-de-tecnica-en-terapias-asistidas-con-perros-mayo-del-2026\/\" >\n\t\t\t\tCurso de t\u00e9cnico\/a en terapias asistidas con perros &#8211; Mayo del 2026\t\t\t<\/a>\n\t\t<\/h2>\n\t\t\t\t<div class=\"elementor-post__excerpt\">\n\t\t\t<p>De mayo a julio de 2026 F\u00f3rmate como T\u00e9cnico en Terapias Asistidas con Perros \u00bfQuieres convertir tu pasi\u00f3n por los perros en una profesi\u00f3n con impacto social? En nuestros cursos de T\u00e9cnico en Terapias Asistidas con Perros aprender\u00e1s todo lo necesario para trabajar con equipos humanos y caninos en el<\/p>\n\t\t<\/div>\n\t\t\n\t\t<a class=\"elementor-post__read-more\" href=\"https:\/\/www.elstrespins.com\/es\/curso-de-tecnica-en-terapias-asistidas-con-perros-mayo-del-2026\/\" aria-label=\"M\u00e1s informaci\u00f3n sobre Curso de t\u00e9cnico\/a en terapias asistidas con perros &#8211; Mayo del 2026\" tabindex=\"-1\" >\n\t\t\t Llegir m\u00e9s \u00bb\t\t<\/a>\n\n\t\t\t\t<\/div>\n\t\t\t\t<\/article>\n\t\t\t\t<\/div>\n\t\t\n\t\t\t\t\t\t<\/div>\n\t\t\t\t<\/div>\n\t\t\t\t<div class=\"elementor-element elementor-element-bbf12ee elementor-grid-1 elementor-hidden-desktop elementor-hidden-laptop elementor-hidden-tablet_extra elementor-hidden-tablet elementor-grid-tablet-2 elementor-grid-mobile-1 elementor-posts--thumbnail-top elementor-widget elementor-widget-posts\" data-id=\"bbf12ee\" data-element_type=\"widget\" data-e-type=\"widget\" data-settings=\"{&quot;classic_columns&quot;:&quot;1&quot;,&quot;classic_row_gap&quot;:{&quot;unit&quot;:&quot;px&quot;,&quot;size&quot;:36,&quot;sizes&quot;:[]},&quot;classic_columns_tablet&quot;:&quot;2&quot;,&quot;classic_columns_mobile&quot;:&quot;1&quot;,&quot;classic_row_gap_laptop&quot;:{&quot;unit&quot;:&quot;px&quot;,&quot;size&quot;:&quot;&quot;,&quot;sizes&quot;:[]},&quot;classic_row_gap_tablet_extra&quot;:{&quot;unit&quot;:&quot;px&quot;,&quot;size&quot;:&quot;&quot;,&quot;sizes&quot;:[]},&quot;classic_row_gap_tablet&quot;:{&quot;unit&quot;:&quot;px&quot;,&quot;size&quot;:&quot;&quot;,&quot;sizes&quot;:[]},&quot;classic_row_gap_mobile_extra&quot;:{&quot;unit&quot;:&quot;px&quot;,&quot;size&quot;:&quot;&quot;,&quot;sizes&quot;:[]},&quot;classic_row_gap_mobile&quot;:{&quot;unit&quot;:&quot;px&quot;,&quot;size&quot;:&quot;&quot;,&quot;sizes&quot;:[]},&quot;wdt_animation_effect&quot;:&quot;none&quot;}\" data-widget_type=\"posts.classic\">\n\t\t\t\t<div class=\"elementor-widget-container\">\n\t\t\t\t\t\t\t<div class=\"elementor-posts-container elementor-posts elementor-posts--skin-classic elementor-grid\" role=\"list\">\n\t\t\t\t<article class=\"elementor-post elementor-grid-item post-6379 post type-post status-publish format-standard has-post-thumbnail hentry category-cursos\" role=\"listitem\">\n\t\t\t\t<a class=\"elementor-post__thumbnail__link\" href=\"https:\/\/www.elstrespins.com\/es\/curso-de-educador-y-ensinistrador-canino-empezamos-en-septiembre-de-2026\/\" tabindex=\"-1\" >\n\t\t\t<div class=\"elementor-post__thumbnail\"><img fetchpriority=\"high\" decoding=\"async\" width=\"763\" height=\"412\" src=\"https:\/\/www.elstrespins.com\/wp-content\/uploads\/2025\/12\/LOGO-CANINA-RODO-sense-fons-1.png\" class=\"attachment-full size-full wp-image-5321\" alt=\"\" srcset=\"https:\/\/www.elstrespins.com\/wp-content\/uploads\/2025\/12\/LOGO-CANINA-RODO-sense-fons-1.png 763w, https:\/\/www.elstrespins.com\/wp-content\/uploads\/2025\/12\/LOGO-CANINA-RODO-sense-fons-1-300x162.png 300w\" sizes=\"(max-width: 763px) 100vw, 763px\" \/><\/div>\n\t\t<\/a>\n\t\t\t\t<div class=\"elementor-post__text\">\n\t\t\t\t<h2 class=\"elementor-post__title\">\n\t\t\t<a href=\"https:\/\/www.elstrespins.com\/es\/curso-de-educador-y-ensinistrador-canino-empezamos-en-septiembre-de-2026\/\" >\n\t\t\t\tCurso de educador\/a y ensinistrador\/a canino &#8211; Empezamos en septiembre de 2026\t\t\t<\/a>\n\t\t<\/h2>\n\t\t\t\t<div class=\"elementor-post__excerpt\">\n\t\t\t<p>Del 19 de septiembre de 2026 al 26 de junio de 2027 Curso de Ensinistrador y Educador\/a Canino La Real Sociedad Canina de Catalunya, entidad con m\u00e1s de 100 a\u00f1os de historia (fundada el 1917) y reconocida oficialmente por la Generalitat de Catalunya, ofrece el curso de Ensinistrador y Educador\/a<\/p>\n\t\t<\/div>\n\t\t\n\t\t<a class=\"elementor-post__read-more\" href=\"https:\/\/www.elstrespins.com\/es\/curso-de-educador-y-ensinistrador-canino-empezamos-en-septiembre-de-2026\/\" aria-label=\"M\u00e1s informaci\u00f3n sobre Curso de educador\/a y ensinistrador\/a canino &#8211; Empezamos en septiembre de 2026\" tabindex=\"-1\" >\n\t\t\t Llegir m\u00e9s \u00bb\t\t<\/a>\n\n\t\t\t\t<\/div>\n\t\t\t\t<\/article>\n\t\t\t\t<article class=\"elementor-post elementor-grid-item post-6373 post type-post status-publish format-standard has-post-thumbnail hentry category-cursos\" role=\"listitem\">\n\t\t\t\t<a class=\"elementor-post__thumbnail__link\" href=\"https:\/\/www.elstrespins.com\/es\/curso-de-tecnica-en-terapias-asistidas-con-perros-mayo-del-2026\/\" tabindex=\"-1\" >\n\t\t\t<div class=\"elementor-post__thumbnail\"><img decoding=\"async\" width=\"1000\" height=\"667\" src=\"https:\/\/www.elstrespins.com\/wp-content\/uploads\/2026\/03\/5-ELNA-DORY.jpg\" class=\"attachment-full size-full wp-image-6425\" alt=\"\" srcset=\"https:\/\/www.elstrespins.com\/wp-content\/uploads\/2026\/03\/5-ELNA-DORY.jpg 1000w, https:\/\/www.elstrespins.com\/wp-content\/uploads\/2026\/03\/5-ELNA-DORY-300x200.jpg 300w, https:\/\/www.elstrespins.com\/wp-content\/uploads\/2026\/03\/5-ELNA-DORY-768x512.jpg 768w\" sizes=\"(max-width: 1000px) 100vw, 1000px\" \/><\/div>\n\t\t<\/a>\n\t\t\t\t<div class=\"elementor-post__text\">\n\t\t\t\t<h2 class=\"elementor-post__title\">\n\t\t\t<a href=\"https:\/\/www.elstrespins.com\/es\/curso-de-tecnica-en-terapias-asistidas-con-perros-mayo-del-2026\/\" >\n\t\t\t\tCurso de t\u00e9cnico\/a en terapias asistidas con perros &#8211; Mayo del 2026\t\t\t<\/a>\n\t\t<\/h2>\n\t\t\t\t<div class=\"elementor-post__excerpt\">\n\t\t\t<p>De mayo a julio de 2026 F\u00f3rmate como T\u00e9cnico en Terapias Asistidas con Perros \u00bfQuieres convertir tu pasi\u00f3n por los perros en una profesi\u00f3n con impacto social? En nuestros cursos de T\u00e9cnico en Terapias Asistidas con Perros aprender\u00e1s todo lo necesario para trabajar con equipos humanos y caninos en el<\/p>\n\t\t<\/div>\n\t\t\n\t\t<a class=\"elementor-post__read-more\" href=\"https:\/\/www.elstrespins.com\/es\/curso-de-tecnica-en-terapias-asistidas-con-perros-mayo-del-2026\/\" aria-label=\"M\u00e1s informaci\u00f3n sobre Curso de t\u00e9cnico\/a en terapias asistidas con perros &#8211; Mayo del 2026\" tabindex=\"-1\" >\n\t\t\t Llegir m\u00e9s \u00bb\t\t<\/a>\n\n\t\t\t\t<\/div>\n\t\t\t\t<\/article>\n\t\t\t\t<\/div>\n\t\t\n\t\t\t\t\t\t<\/div>\n\t\t\t\t<\/div>\n\t\t\t\t\t<\/div>\n\t\t\t\t<\/div>\n\t\t\t\t<\/div>\n\t\t","protected":false},"excerpt":{"rendered":"<p>Cursos INICIO<\/p>\n","protected":false},"author":1,"featured_media":0,"parent":0,"menu_order":0,"comment_status":"closed","ping_status":"closed","template":"","meta":{"_acf_changed":false,"footnotes":""},"class_list":["post-4607","page","type-page","status-publish","hentry"],"acf":[],"yoast_head":"<!-- This site is optimized with the Yoast SEO plugin v27.0 - https:\/\/yoast.com\/product\/yoast-seo-wordpress\/ -->\n<title>\u00a0Cursos\u00a0 - Els Tres Pins<\/title>\n<meta name=\"description\" content=\"Descubre los distintos cursos de adiestrador y educador canino o para ser t\u00e9cnico en terapias asistidas con perros.\" \/>\n<meta name=\"robots\" content=\"index, follow, max-snippet:-1, max-image-preview:large, max-video-preview:-1\" \/>\n<link rel=\"canonical\" href=\"https:\/\/www.elstrespins.com\/es\/cursos\/\" \/>\n<meta property=\"og:locale\" content=\"es_ES\" \/>\n<meta property=\"og:type\" content=\"article\" \/>\n<meta property=\"og:title\" content=\"\u00a0Cursos\u00a0 - Els Tres Pins\" \/>\n<meta property=\"og:description\" content=\"Descubre los distintos cursos de adiestrador y educador canino o para ser t\u00e9cnico en terapias asistidas con perros.\" \/>\n<meta property=\"og:url\" content=\"https:\/\/www.elstrespins.com\/es\/cursos\/\" \/>\n<meta property=\"og:site_name\" content=\"Els Tres Pins\" \/>\n<meta property=\"article:publisher\" content=\"https:\/\/www.facebook.com\/elstrespins\/\" \/>\n<meta property=\"article:modified_time\" content=\"2025-12-17T09:19:06+00:00\" \/>\n<meta property=\"og:image\" content=\"https:\/\/www.elstrespins.com\/wp-content\/uploads\/2025\/11\/logo-header.png\" \/>\n\t<meta property=\"og:image:width\" content=\"231\" \/>\n\t<meta property=\"og:image:height\" content=\"57\" \/>\n\t<meta property=\"og:image:type\" content=\"image\/png\" \/>\n<meta name=\"twitter:card\" content=\"summary_large_image\" \/>\n<meta name=\"twitter:label1\" content=\"Tiempo de lectura\" \/>\n\t<meta name=\"twitter:data1\" content=\"2 minutos\" \/>\n<script type=\"application\/ld+json\" class=\"yoast-schema-graph\">{\"@context\":\"https:\/\/schema.org\",\"@graph\":[{\"@type\":\"WebPage\",\"@id\":\"https:\/\/www.elstrespins.com\/es\/cursos\/\",\"url\":\"https:\/\/www.elstrespins.com\/es\/cursos\/\",\"name\":\"\u00a0Cursos\u00a0 - Els Tres Pins\",\"isPartOf\":{\"@id\":\"https:\/\/www.elstrespins.com\/es\/#website\"},\"datePublished\":\"2025-12-09T10:15:46+00:00\",\"dateModified\":\"2025-12-17T09:19:06+00:00\",\"description\":\"Descubre los distintos cursos de adiestrador y educador canino o para ser t\u00e9cnico en terapias asistidas con perros.\",\"breadcrumb\":{\"@id\":\"https:\/\/www.elstrespins.com\/es\/cursos\/#breadcrumb\"},\"inLanguage\":\"es\",\"potentialAction\":[{\"@type\":\"ReadAction\",\"target\":[\"https:\/\/www.elstrespins.com\/es\/cursos\/\"]}]},{\"@type\":\"BreadcrumbList\",\"@id\":\"https:\/\/www.elstrespins.com\/es\/cursos\/#breadcrumb\",\"itemListElement\":[{\"@type\":\"ListItem\",\"position\":1,\"name\":\"Inici\",\"item\":\"https:\/\/www.elstrespins.com\/es\/\"},{\"@type\":\"ListItem\",\"position\":2,\"name\":\"\u00a0Cursos\u00a0\"}]},{\"@type\":\"WebSite\",\"@id\":\"https:\/\/www.elstrespins.com\/es\/#website\",\"url\":\"https:\/\/www.elstrespins.com\/es\/\",\"name\":\"Els Tres Pins\",\"description\":\"\",\"publisher\":{\"@id\":\"https:\/\/www.elstrespins.com\/es\/#organization\"},\"alternateName\":\"Els Tres Pins\",\"potentialAction\":[{\"@type\":\"SearchAction\",\"target\":{\"@type\":\"EntryPoint\",\"urlTemplate\":\"https:\/\/www.elstrespins.com\/es\/?s={search_term_string}\"},\"query-input\":{\"@type\":\"PropertyValueSpecification\",\"valueRequired\":true,\"valueName\":\"search_term_string\"}}],\"inLanguage\":\"es\"},{\"@type\":\"Organization\",\"@id\":\"https:\/\/www.elstrespins.com\/es\/#organization\",\"name\":\"Els Tres Pins\",\"alternateName\":\"Els Tres Pins\",\"url\":\"https:\/\/www.elstrespins.com\/es\/\",\"logo\":{\"@type\":\"ImageObject\",\"inLanguage\":\"es\",\"@id\":\"https:\/\/www.elstrespins.com\/es\/#\/schema\/logo\/image\/\",\"url\":\"https:\/\/www.elstrespins.com\/wp-content\/uploads\/2025\/11\/logo-header.png\",\"contentUrl\":\"https:\/\/www.elstrespins.com\/wp-content\/uploads\/2025\/11\/logo-header.png\",\"width\":231,\"height\":57,\"caption\":\"Els Tres Pins\"},\"image\":{\"@id\":\"https:\/\/www.elstrespins.com\/es\/#\/schema\/logo\/image\/\"},\"sameAs\":[\"https:\/\/www.facebook.com\/elstrespins\/\"]}]}<\/script>\n<!-- \/ Yoast SEO plugin. -->","yoast_head_json":{"title":"\u00a0Cursos\u00a0 - Els Tres Pins","description":"Descubre los distintos cursos de adiestrador y educador canino o para ser t\u00e9cnico en terapias asistidas con perros.","robots":{"index":"index","follow":"follow","max-snippet":"max-snippet:-1","max-image-preview":"max-image-preview:large","max-video-preview":"max-video-preview:-1"},"canonical":"https:\/\/www.elstrespins.com\/es\/cursos\/","og_locale":"es_ES","og_type":"article","og_title":"\u00a0Cursos\u00a0 - Els Tres Pins","og_description":"Descubre los distintos cursos de adiestrador y educador canino o para ser t\u00e9cnico en terapias asistidas con perros.","og_url":"https:\/\/www.elstrespins.com\/es\/cursos\/","og_site_name":"Els Tres Pins","article_publisher":"https:\/\/www.facebook.com\/elstrespins\/","article_modified_time":"2025-12-17T09:19:06+00:00","og_image":[{"width":231,"height":57,"url":"https:\/\/www.elstrespins.com\/wp-content\/uploads\/2025\/11\/logo-header.png","type":"image\/png"}],"twitter_card":"summary_large_image","twitter_misc":{"Tiempo de lectura":"2 minutos"},"schema":{"@context":"https:\/\/schema.org","@graph":[{"@type":"WebPage","@id":"https:\/\/www.elstrespins.com\/es\/cursos\/","url":"https:\/\/www.elstrespins.com\/es\/cursos\/","name":"\u00a0Cursos\u00a0 - Els Tres Pins","isPartOf":{"@id":"https:\/\/www.elstrespins.com\/es\/#website"},"datePublished":"2025-12-09T10:15:46+00:00","dateModified":"2025-12-17T09:19:06+00:00","description":"Descubre los distintos cursos de adiestrador y educador canino o para ser t\u00e9cnico en terapias asistidas con perros.","breadcrumb":{"@id":"https:\/\/www.elstrespins.com\/es\/cursos\/#breadcrumb"},"inLanguage":"es","potentialAction":[{"@type":"ReadAction","target":["https:\/\/www.elstrespins.com\/es\/cursos\/"]}]},{"@type":"BreadcrumbList","@id":"https:\/\/www.elstrespins.com\/es\/cursos\/#breadcrumb","itemListElement":[{"@type":"ListItem","position":1,"name":"Inici","item":"https:\/\/www.elstrespins.com\/es\/"},{"@type":"ListItem","position":2,"name":"\u00a0Cursos\u00a0"}]},{"@type":"WebSite","@id":"https:\/\/www.elstrespins.com\/es\/#website","url":"https:\/\/www.elstrespins.com\/es\/","name":"Els Tres Pins","description":"","publisher":{"@id":"https:\/\/www.elstrespins.com\/es\/#organization"},"alternateName":"Els Tres Pins","potentialAction":[{"@type":"SearchAction","target":{"@type":"EntryPoint","urlTemplate":"https:\/\/www.elstrespins.com\/es\/?s={search_term_string}"},"query-input":{"@type":"PropertyValueSpecification","valueRequired":true,"valueName":"search_term_string"}}],"inLanguage":"es"},{"@type":"Organization","@id":"https:\/\/www.elstrespins.com\/es\/#organization","name":"Els Tres Pins","alternateName":"Els Tres Pins","url":"https:\/\/www.elstrespins.com\/es\/","logo":{"@type":"ImageObject","inLanguage":"es","@id":"https:\/\/www.elstrespins.com\/es\/#\/schema\/logo\/image\/","url":"https:\/\/www.elstrespins.com\/wp-content\/uploads\/2025\/11\/logo-header.png","contentUrl":"https:\/\/www.elstrespins.com\/wp-content\/uploads\/2025\/11\/logo-header.png","width":231,"height":57,"caption":"Els Tres Pins"},"image":{"@id":"https:\/\/www.elstrespins.com\/es\/#\/schema\/logo\/image\/"},"sameAs":["https:\/\/www.facebook.com\/elstrespins\/"]}]}},"_links":{"self":[{"href":"https:\/\/www.elstrespins.com\/es\/wp-json\/wp\/v2\/pages\/4607","targetHints":{"allow":["GET"]}}],"collection":[{"href":"https:\/\/www.elstrespins.com\/es\/wp-json\/wp\/v2\/pages"}],"about":[{"href":"https:\/\/www.elstrespins.com\/es\/wp-json\/wp\/v2\/types\/page"}],"author":[{"embeddable":true,"href":"https:\/\/www.elstrespins.com\/es\/wp-json\/wp\/v2\/users\/1"}],"replies":[{"embeddable":true,"href":"https:\/\/www.elstrespins.com\/es\/wp-json\/wp\/v2\/comments?post=4607"}],"version-history":[{"count":0,"href":"https:\/\/www.elstrespins.com\/es\/wp-json\/wp\/v2\/pages\/4607\/revisions"}],"wp:attachment":[{"href":"https:\/\/www.elstrespins.com\/es\/wp-json\/wp\/v2\/media?parent=4607"}],"curies":[{"name":"wp","href":"https:\/\/api.w.org\/{rel}","templated":true}]}}