{"id":4615,"date":"2025-12-12T19:19:02","date_gmt":"2025-12-12T17:19:02","guid":{"rendered":"https:\/\/www.elstrespins.com\/declaracio-daccessibilitat\/"},"modified":"2025-12-17T11:18:22","modified_gmt":"2025-12-17T09:18:22","slug":"declaracion-de-accesibilidad","status":"publish","type":"page","link":"https:\/\/www.elstrespins.com\/es\/declaracion-de-accesibilidad\/","title":{"rendered":"Accesibilidad"},"content":{"rendered":"\t\t<div data-elementor-type=\"wp-page\" data-elementor-id=\"4615\" class=\"elementor elementor-4615 elementor-3278\" data-elementor-post-type=\"page\">\n\t\t\t\t<div class=\"elementor-element elementor-element-130ebbbb e-flex e-con-boxed e-con e-parent\" data-id=\"130ebbbb\" data-element_type=\"container\" data-e-type=\"container\" data-settings=\"{&quot;background_background&quot;:&quot;classic&quot;,&quot;shape_divider_bottom&quot;:&quot;waves&quot;}\">\n\t\t\t\t\t<div class=\"e-con-inner\">\n\t\t\t\t<div class=\"elementor-shape elementor-shape-bottom\" aria-hidden=\"true\" data-negative=\"false\">\n\t\t\t<svg xmlns=\"http:\/\/www.w3.org\/2000\/svg\" viewBox=\"0 0 1000 100\" preserveAspectRatio=\"none\">\n\t<path class=\"elementor-shape-fill\" d=\"M421.9,6.5c22.6-2.5,51.5,0.4,75.5,5.3c23.6,4.9,70.9,23.5,100.5,35.7c75.8,32.2,133.7,44.5,192.6,49.7\n\tc23.6,2.1,48.7,3.5,103.4-2.5c54.7-6,106.2-25.6,106.2-25.6V0H0v30.3c0,0,72,32.6,158.4,30.5c39.2-0.7,92.8-6.7,134-22.4\n\tc21.2-8.1,52.2-18.2,79.7-24.2C399.3,7.9,411.6,7.5,421.9,6.5z\"\/>\n<\/svg>\t\t<\/div>\n\t\t\t\t<div class=\"elementor-element elementor-element-4d3d84eb elementor-widget elementor-widget-heading\" data-id=\"4d3d84eb\" data-element_type=\"widget\" data-e-type=\"widget\" data-settings=\"{&quot;wdt_animation_effect&quot;:&quot;none&quot;}\" data-widget_type=\"heading.default\">\n\t\t\t\t<div class=\"elementor-widget-container\">\n\t\t\t\t\t<h1 class=\"elementor-heading-title elementor-size-default\">Declaraci\u00f3n de accesibilidad<\/h1>\t\t\t\t<\/div>\n\t\t\t\t<\/div>\n\t\t\t\t<div class=\"elementor-element elementor-element-23ecb277 elementor-widget elementor-widget-hfe-breadcrumbs-widget\" data-id=\"23ecb277\" data-element_type=\"widget\" data-e-type=\"widget\" data-settings=\"{&quot;wdt_animation_effect&quot;:&quot;none&quot;}\" data-widget_type=\"hfe-breadcrumbs-widget.default\">\n\t\t\t\t<div class=\"elementor-widget-container\">\n\t\t\t\t\t<nav aria-label=\"Breadcrumb\"><ul class=\"hfe-breadcrumbs hfe-breadcrumbs-show-home\"><li class=\"hfe-breadcrumbs-item hfe-breadcrumbs-first\"><span class=\"hfe-breadcrumbs-home-icon\"><\/span><a href=\"https:\/\/www.elstrespins.com\/es\/\"><span class=\"hfe-breadcrumbs-text\">INICIO<\/span><\/a><\/li><\/ul><\/nav>\t\t\t\t<\/div>\n\t\t\t\t<\/div>\n\t\t\t\t\t<\/div>\n\t\t\t\t<\/div>\n\t\t<div class=\"elementor-element elementor-element-7ce26413 e-flex e-con-boxed e-con e-parent\" data-id=\"7ce26413\" data-element_type=\"container\" data-e-type=\"container\">\n\t\t\t\t\t<div class=\"e-con-inner\">\n\t\t\t\t<div class=\"elementor-element elementor-element-748d7a09 elementor-widget elementor-widget-text-editor\" data-id=\"748d7a09\" data-element_type=\"widget\" data-e-type=\"widget\" data-settings=\"{&quot;wdt_animation_effect&quot;:&quot;none&quot;}\" data-widget_type=\"text-editor.default\">\n\t\t\t\t<div class=\"elementor-widget-container\">\n\t\t\t\t\t\t\t\t\t<p>Ercbuli S.R.L apuesta por asegurar la accesibilidad digital de las personas con discapacidad. Estamos mejorando continuamente la experiencia de usuario para todos y tratando de aplicar los est\u00e1ndares de accesibilidad m\u00e1s relevantes. Este compromiso tambi\u00e9n lo asumimos de acuerdo con el <a href=\"https:\/\/www.boe.es\/buscar\/act.php?id=BOE-A-2018-12699\">Real Decreto 1112\/2018<\/a>, de 7 de septiembre, relativo a la accesibilidad de sitios web y aplicaciones para dispositivos m\u00f3viles.<\/p><p><strong>Estado de dumplimiento<\/strong><br \/>Las <a href=\"https:\/\/www.w3.org\/WAI\/standards-guidelines\/wcag\/\">Directrices de accesibilidad al contenido web (WCAG) 2.1<\/a> definen los requisitos para los dise\u00f1adores y desarrolladores para mejorar la accesibilidad de las personas con discapacidad. Estas directrices definen tres niveles de conformidad: Nivel A, Nivel AA y Nivel AAA. El sitio web es parcialmente conforme con el nivel AA de WCAG 2.1. Esto significa que algunas partes del contenido no se ajustan completamente al est\u00e1ndar de accesibilidad.<\/p><p><strong>Funciones de accesibilidad<\/strong><\/p><ul><li>Las p\u00e1ginas est\u00e1n estructuradas con elementos sem\u00e1nticos como la cabecera (header), la navegaci\u00f3n (navigation), el contenido principal (main) y el pie de p\u00e1gina (footer), lo cual puede ayudarle a moverse m\u00e1s r\u00e1pidamente entre los distintos elementos.<\/li><li>Los encabezados de nivel 1 marcan el \u00e1rea de contenido principal de cada p\u00e1gina y, a partir de ah\u00ed, la estructura de cada p\u00e1gina deber\u00eda seguir un orden de encabezados l\u00f3gico.<\/li><li>Cada p\u00e1gina de este sitio web tiene enlaces de \u201csaltar al contenido\u201d y \u201csaltar al men\u00fa\u201d en la parte superior y un enlace de \u201cvolver a empezar\u201d en la parte inferior.<\/li><li>Las im\u00e1genes se describen con equivalentes de texto (ALT) para garantizar que todo el mundo pueda acceder al contenido gr\u00e1fico.<\/li><li>Debe poder ampliar cada p\u00e1gina hasta un 300 % sin ning\u00fan problema.<\/li><li>Los colores de este sitio web se han escogido en cada p\u00e1gina para garantizar un contraste de color suficiente.<\/li><li>Todos los componentes de este sitio web son accesibles mediante el rat\u00f3n, el teclado o el tacto.<\/li><li>Para garantizar que el sitio web se puede utilizar mediante teclados, hemos a\u00f1adido estilos de foco a im\u00e1genes, enlaces, formularios y otros elementos enfocables.<\/li><li>Este sitio web se ha probado en navegadores y dispositivos modernos y antiguos, adem\u00e1s de herramientas de evaluaci\u00f3n de accesibilidad como <a href=\"https:\/\/wave.webaim.org\/\">WAVE<\/a>, <a href=\"https:\/\/accessibilityinsights.io\/en\/\">Accessibility Insights<\/a> y el lector de pantalla <a href=\"https:\/\/www.chromevox.com\/\">ChromeVox<\/a>.<\/li><\/ul><p><strong>Contenido no accesible<\/strong><br \/>Sabemos que algunas partes de este sitio web no son del todo accesibles:<\/p><p>En ocasiones, incrustamos contenidos de audio o v\u00eddeo en nuestras p\u00e1ginas que puede que no se describan adecuadamente.<\/p><p>Si encuentra contenidos o elementos confusos, puede enviarnos un correo electr\u00f3nico y hac\u00e9rnoslo saber.<\/p><p>Tambi\u00e9n sabemos que la mayor\u00eda de los documentos PDF antiguos no son totalmente accesibles para el software de lector de pantalla.<\/p><p><strong>Feedback<\/strong><br \/>Agradecemos sus comentarios sobre la accesibilidad de nuestra web.<br \/>Inf\u00f3rmenos si encuentra barreras de accesibilidad en este sitio web:<br \/>residencia@elstrespins.com<\/p>\t\t\t\t\t\t\t\t<\/div>\n\t\t\t\t<\/div>\n\t\t\t\t\t<\/div>\n\t\t\t\t<\/div>\n\t\t\t\t<\/div>\n\t\t","protected":false},"excerpt":{"rendered":"<p>Declaraci\u00f3n de accesibilidad INICIO Ercbuli S.R.L apuesta por asegurar la accesibilidad digital de las personas con discapacidad. Estamos mejorando continuamente la experiencia de usuario para todos y tratando de aplicar los est\u00e1ndares de accesibilidad m\u00e1s relevantes. Este compromiso tambi\u00e9n lo asumimos de acuerdo con el Real Decreto 1112\/2018, de 7 de septiembre, relativo a la [&hellip;]<\/p>\n","protected":false},"author":1,"featured_media":0,"parent":0,"menu_order":0,"comment_status":"closed","ping_status":"closed","template":"","meta":{"_acf_changed":false,"footnotes":""},"class_list":["post-4615","page","type-page","status-publish","hentry"],"acf":[],"yoast_head":"<!-- This site is optimized with the Yoast SEO plugin v27.0 - https:\/\/yoast.com\/product\/yoast-seo-wordpress\/ -->\n<title>Declaraci\u00f3n de accesibilidad - Els Tres Pins<\/title>\n<meta name=\"description\" content=\"P\u00e1gina de la declaraci\u00f3n de accesibilidad del sitio web de Els Tres Pins.\" \/>\n<meta name=\"robots\" content=\"index, follow, max-snippet:-1, max-image-preview:large, max-video-preview:-1\" \/>\n<link rel=\"canonical\" href=\"https:\/\/www.elstrespins.com\/es\/declaracion-de-accesibilidad\/\" \/>\n<meta property=\"og:locale\" content=\"es_ES\" \/>\n<meta property=\"og:type\" content=\"article\" \/>\n<meta property=\"og:title\" content=\"Declaraci\u00f3n de accesibilidad - Els Tres Pins\" \/>\n<meta property=\"og:description\" content=\"P\u00e1gina de la declaraci\u00f3n de accesibilidad del sitio web de Els Tres Pins.\" \/>\n<meta property=\"og:url\" content=\"https:\/\/www.elstrespins.com\/es\/declaracion-de-accesibilidad\/\" \/>\n<meta property=\"og:site_name\" content=\"Els Tres Pins\" \/>\n<meta property=\"article:publisher\" content=\"https:\/\/www.facebook.com\/elstrespins\/\" \/>\n<meta property=\"article:modified_time\" content=\"2025-12-17T09:18:22+00:00\" \/>\n<meta property=\"og:image\" content=\"https:\/\/www.elstrespins.com\/wp-content\/uploads\/2025\/11\/logo-header.png\" \/>\n\t<meta property=\"og:image:width\" content=\"231\" \/>\n\t<meta property=\"og:image:height\" content=\"57\" \/>\n\t<meta property=\"og:image:type\" content=\"image\/png\" \/>\n<meta name=\"twitter:card\" content=\"summary_large_image\" \/>\n<meta name=\"twitter:label1\" content=\"Tiempo de lectura\" \/>\n\t<meta name=\"twitter:data1\" content=\"3 minutos\" \/>\n<script type=\"application\/ld+json\" class=\"yoast-schema-graph\">{\"@context\":\"https:\/\/schema.org\",\"@graph\":[{\"@type\":\"WebPage\",\"@id\":\"https:\/\/www.elstrespins.com\/es\/declaracion-de-accesibilidad\/\",\"url\":\"https:\/\/www.elstrespins.com\/es\/declaracion-de-accesibilidad\/\",\"name\":\"Declaraci\u00f3n de accesibilidad - Els Tres Pins\",\"isPartOf\":{\"@id\":\"https:\/\/www.elstrespins.com\/es\/#website\"},\"datePublished\":\"2025-12-12T17:19:02+00:00\",\"dateModified\":\"2025-12-17T09:18:22+00:00\",\"description\":\"P\u00e1gina de la declaraci\u00f3n de accesibilidad del sitio web de Els Tres Pins.\",\"breadcrumb\":{\"@id\":\"https:\/\/www.elstrespins.com\/es\/declaracion-de-accesibilidad\/#breadcrumb\"},\"inLanguage\":\"es\",\"potentialAction\":[{\"@type\":\"ReadAction\",\"target\":[\"https:\/\/www.elstrespins.com\/es\/declaracion-de-accesibilidad\/\"]}]},{\"@type\":\"BreadcrumbList\",\"@id\":\"https:\/\/www.elstrespins.com\/es\/declaracion-de-accesibilidad\/#breadcrumb\",\"itemListElement\":[{\"@type\":\"ListItem\",\"position\":1,\"name\":\"Inici\",\"item\":\"https:\/\/www.elstrespins.com\/es\/\"},{\"@type\":\"ListItem\",\"position\":2,\"name\":\"Accesibilidad\"}]},{\"@type\":\"WebSite\",\"@id\":\"https:\/\/www.elstrespins.com\/es\/#website\",\"url\":\"https:\/\/www.elstrespins.com\/es\/\",\"name\":\"Els Tres Pins\",\"description\":\"\",\"publisher\":{\"@id\":\"https:\/\/www.elstrespins.com\/es\/#organization\"},\"alternateName\":\"Els Tres Pins\",\"potentialAction\":[{\"@type\":\"SearchAction\",\"target\":{\"@type\":\"EntryPoint\",\"urlTemplate\":\"https:\/\/www.elstrespins.com\/es\/?s={search_term_string}\"},\"query-input\":{\"@type\":\"PropertyValueSpecification\",\"valueRequired\":true,\"valueName\":\"search_term_string\"}}],\"inLanguage\":\"es\"},{\"@type\":\"Organization\",\"@id\":\"https:\/\/www.elstrespins.com\/es\/#organization\",\"name\":\"Els Tres Pins\",\"alternateName\":\"Els Tres Pins\",\"url\":\"https:\/\/www.elstrespins.com\/es\/\",\"logo\":{\"@type\":\"ImageObject\",\"inLanguage\":\"es\",\"@id\":\"https:\/\/www.elstrespins.com\/es\/#\/schema\/logo\/image\/\",\"url\":\"https:\/\/www.elstrespins.com\/wp-content\/uploads\/2025\/11\/logo-header.png\",\"contentUrl\":\"https:\/\/www.elstrespins.com\/wp-content\/uploads\/2025\/11\/logo-header.png\",\"width\":231,\"height\":57,\"caption\":\"Els Tres Pins\"},\"image\":{\"@id\":\"https:\/\/www.elstrespins.com\/es\/#\/schema\/logo\/image\/\"},\"sameAs\":[\"https:\/\/www.facebook.com\/elstrespins\/\"]}]}<\/script>\n<!-- \/ Yoast SEO plugin. -->","yoast_head_json":{"title":"Declaraci\u00f3n de accesibilidad - Els Tres Pins","description":"P\u00e1gina de la declaraci\u00f3n de accesibilidad del sitio web de Els Tres Pins.","robots":{"index":"index","follow":"follow","max-snippet":"max-snippet:-1","max-image-preview":"max-image-preview:large","max-video-preview":"max-video-preview:-1"},"canonical":"https:\/\/www.elstrespins.com\/es\/declaracion-de-accesibilidad\/","og_locale":"es_ES","og_type":"article","og_title":"Declaraci\u00f3n de accesibilidad - Els Tres Pins","og_description":"P\u00e1gina de la declaraci\u00f3n de accesibilidad del sitio web de Els Tres Pins.","og_url":"https:\/\/www.elstrespins.com\/es\/declaracion-de-accesibilidad\/","og_site_name":"Els Tres Pins","article_publisher":"https:\/\/www.facebook.com\/elstrespins\/","article_modified_time":"2025-12-17T09:18:22+00:00","og_image":[{"width":231,"height":57,"url":"https:\/\/www.elstrespins.com\/wp-content\/uploads\/2025\/11\/logo-header.png","type":"image\/png"}],"twitter_card":"summary_large_image","twitter_misc":{"Tiempo de lectura":"3 minutos"},"schema":{"@context":"https:\/\/schema.org","@graph":[{"@type":"WebPage","@id":"https:\/\/www.elstrespins.com\/es\/declaracion-de-accesibilidad\/","url":"https:\/\/www.elstrespins.com\/es\/declaracion-de-accesibilidad\/","name":"Declaraci\u00f3n de accesibilidad - Els Tres Pins","isPartOf":{"@id":"https:\/\/www.elstrespins.com\/es\/#website"},"datePublished":"2025-12-12T17:19:02+00:00","dateModified":"2025-12-17T09:18:22+00:00","description":"P\u00e1gina de la declaraci\u00f3n de accesibilidad del sitio web de Els Tres Pins.","breadcrumb":{"@id":"https:\/\/www.elstrespins.com\/es\/declaracion-de-accesibilidad\/#breadcrumb"},"inLanguage":"es","potentialAction":[{"@type":"ReadAction","target":["https:\/\/www.elstrespins.com\/es\/declaracion-de-accesibilidad\/"]}]},{"@type":"BreadcrumbList","@id":"https:\/\/www.elstrespins.com\/es\/declaracion-de-accesibilidad\/#breadcrumb","itemListElement":[{"@type":"ListItem","position":1,"name":"Inici","item":"https:\/\/www.elstrespins.com\/es\/"},{"@type":"ListItem","position":2,"name":"Accesibilidad"}]},{"@type":"WebSite","@id":"https:\/\/www.elstrespins.com\/es\/#website","url":"https:\/\/www.elstrespins.com\/es\/","name":"Els Tres Pins","description":"","publisher":{"@id":"https:\/\/www.elstrespins.com\/es\/#organization"},"alternateName":"Els Tres Pins","potentialAction":[{"@type":"SearchAction","target":{"@type":"EntryPoint","urlTemplate":"https:\/\/www.elstrespins.com\/es\/?s={search_term_string}"},"query-input":{"@type":"PropertyValueSpecification","valueRequired":true,"valueName":"search_term_string"}}],"inLanguage":"es"},{"@type":"Organization","@id":"https:\/\/www.elstrespins.com\/es\/#organization","name":"Els Tres Pins","alternateName":"Els Tres Pins","url":"https:\/\/www.elstrespins.com\/es\/","logo":{"@type":"ImageObject","inLanguage":"es","@id":"https:\/\/www.elstrespins.com\/es\/#\/schema\/logo\/image\/","url":"https:\/\/www.elstrespins.com\/wp-content\/uploads\/2025\/11\/logo-header.png","contentUrl":"https:\/\/www.elstrespins.com\/wp-content\/uploads\/2025\/11\/logo-header.png","width":231,"height":57,"caption":"Els Tres Pins"},"image":{"@id":"https:\/\/www.elstrespins.com\/es\/#\/schema\/logo\/image\/"},"sameAs":["https:\/\/www.facebook.com\/elstrespins\/"]}]}},"_links":{"self":[{"href":"https:\/\/www.elstrespins.com\/es\/wp-json\/wp\/v2\/pages\/4615","targetHints":{"allow":["GET"]}}],"collection":[{"href":"https:\/\/www.elstrespins.com\/es\/wp-json\/wp\/v2\/pages"}],"about":[{"href":"https:\/\/www.elstrespins.com\/es\/wp-json\/wp\/v2\/types\/page"}],"author":[{"embeddable":true,"href":"https:\/\/www.elstrespins.com\/es\/wp-json\/wp\/v2\/users\/1"}],"replies":[{"embeddable":true,"href":"https:\/\/www.elstrespins.com\/es\/wp-json\/wp\/v2\/comments?post=4615"}],"version-history":[{"count":0,"href":"https:\/\/www.elstrespins.com\/es\/wp-json\/wp\/v2\/pages\/4615\/revisions"}],"wp:attachment":[{"href":"https:\/\/www.elstrespins.com\/es\/wp-json\/wp\/v2\/media?parent=4615"}],"curies":[{"name":"wp","href":"https:\/\/api.w.org\/{rel}","templated":true}]}}