{"id":4616,"date":"2025-12-12T18:39:58","date_gmt":"2025-12-12T16:39:58","guid":{"rendered":"https:\/\/www.elstrespins.com\/avis-legal\/"},"modified":"2026-02-25T18:38:39","modified_gmt":"2026-02-25T16:38:39","slug":"aviso-legal","status":"publish","type":"page","link":"https:\/\/www.elstrespins.com\/es\/aviso-legal\/","title":{"rendered":"Aviso legal"},"content":{"rendered":"\t\t<div data-elementor-type=\"wp-page\" data-elementor-id=\"4616\" class=\"elementor elementor-4616 elementor-3248\" data-elementor-post-type=\"page\">\n\t\t\t\t<div class=\"elementor-element elementor-element-7471367 e-flex e-con-boxed e-con e-parent\" data-id=\"7471367\" data-element_type=\"container\" data-e-type=\"container\" data-settings=\"{&quot;background_background&quot;:&quot;classic&quot;,&quot;shape_divider_bottom&quot;:&quot;waves&quot;}\">\n\t\t\t\t\t<div class=\"e-con-inner\">\n\t\t\t\t<div class=\"elementor-shape elementor-shape-bottom\" aria-hidden=\"true\" data-negative=\"false\">\n\t\t\t<svg xmlns=\"http:\/\/www.w3.org\/2000\/svg\" viewBox=\"0 0 1000 100\" preserveAspectRatio=\"none\">\n\t<path class=\"elementor-shape-fill\" d=\"M421.9,6.5c22.6-2.5,51.5,0.4,75.5,5.3c23.6,4.9,70.9,23.5,100.5,35.7c75.8,32.2,133.7,44.5,192.6,49.7\n\tc23.6,2.1,48.7,3.5,103.4-2.5c54.7-6,106.2-25.6,106.2-25.6V0H0v30.3c0,0,72,32.6,158.4,30.5c39.2-0.7,92.8-6.7,134-22.4\n\tc21.2-8.1,52.2-18.2,79.7-24.2C399.3,7.9,411.6,7.5,421.9,6.5z\"\/>\n<\/svg>\t\t<\/div>\n\t\t\t\t<div class=\"elementor-element elementor-element-508d9e4 elementor-widget elementor-widget-heading\" data-id=\"508d9e4\" data-element_type=\"widget\" data-e-type=\"widget\" data-settings=\"{&quot;wdt_animation_effect&quot;:&quot;none&quot;}\" data-widget_type=\"heading.default\">\n\t\t\t\t<div class=\"elementor-widget-container\">\n\t\t\t\t\t<h1 class=\"elementor-heading-title elementor-size-default\">Aviso legal<\/h1>\t\t\t\t<\/div>\n\t\t\t\t<\/div>\n\t\t\t\t<div class=\"elementor-element elementor-element-1ec02e7 elementor-widget elementor-widget-hfe-breadcrumbs-widget\" data-id=\"1ec02e7\" data-element_type=\"widget\" data-e-type=\"widget\" data-settings=\"{&quot;wdt_animation_effect&quot;:&quot;none&quot;}\" data-widget_type=\"hfe-breadcrumbs-widget.default\">\n\t\t\t\t<div class=\"elementor-widget-container\">\n\t\t\t\t\t<nav aria-label=\"Breadcrumb\"><ul class=\"hfe-breadcrumbs hfe-breadcrumbs-show-home\"><li class=\"hfe-breadcrumbs-item hfe-breadcrumbs-first\"><span class=\"hfe-breadcrumbs-home-icon\"><\/span><a href=\"https:\/\/www.elstrespins.com\/es\/\"><span class=\"hfe-breadcrumbs-text\">INICIO<\/span><\/a><\/li><\/ul><\/nav>\t\t\t\t<\/div>\n\t\t\t\t<\/div>\n\t\t\t\t\t<\/div>\n\t\t\t\t<\/div>\n\t\t<div class=\"elementor-element elementor-element-0001d94 e-flex e-con-boxed e-con e-parent\" data-id=\"0001d94\" data-element_type=\"container\" data-e-type=\"container\">\n\t\t\t\t\t<div class=\"e-con-inner\">\n\t\t\t\t<div class=\"elementor-element elementor-element-853a0de elementor-widget elementor-widget-text-editor\" data-id=\"853a0de\" data-element_type=\"widget\" data-e-type=\"widget\" data-settings=\"{&quot;wdt_animation_effect&quot;:&quot;none&quot;}\" data-widget_type=\"text-editor.default\">\n\t\t\t\t<div class=\"elementor-widget-container\">\n\t\t\t\t\t\t\t\t\t<p>En cumplimiento de lo que establece la Ley 34\/2002, de 11 de julio, de Servicios de la Sociedad de la Informaci\u00f3n y del Comercio Electr\u00f3nico, le informamos que el titular de elstrespins.com es: Ercbuli S.R.L., con direcci\u00f3n Carretera de Balsareny a S\u00faria s\/n, 08660 Balsareny (Barcelona). Inscrita en el Registro Mercantil de Barcelona, volumen 34655 de la secci\u00f3n general, folio 43, hoja B 253964, con C.I.F. o N.I.F. B62890330.<\/p><h2>Autorizaci\u00f3n para el tratamiento de datos<\/h2><p>Ercbuli S.R.L. le informa de la existencia de un fichero de datos de car\u00e1cter personal al que se incorporar\u00e1n los datos de las personas o empresas que suscriben este documento, conjuntamente con los datos que han facilitado con motivo de otros contratos, relaciones o comunicaciones, as\u00ed como los que procedan de registros p\u00fablicos u otras fuentes legalmente admitidas, y los que se deriven del tratamiento automatizado o no de todos estos datos.<\/p><p>El responsable de este fichero es: Ercbuli S.R.L. &#8211; Carretera de Balsareny a S\u00faria s\/n, 08660 Balsareny (Barcelona) &#8211; Tel. 629 550 226 &#8211; residencia@elstrespins.com<\/p><p>La finalidad de este fichero es permitir a Ercbuli S.R.L. el uso interno de los datos para la gesti\u00f3n de la tarea para la que se suscribe este documento. Ercbuli S.R.L., as\u00ed como la\/s empresa\/s destinataria\/s de cualquiera de los formularios contenidos en esta p\u00e1gina web, quedan autorizados a conservar los datos de los interesados, incluido en el caso de que la prestaci\u00f3n del servicio solicitado no llegara a realizarse, con la finalidad de poder responder a las consultas y sugerencias realizadas desde el formulario de contacto y poder gestionar la reserva de libros y de cachorros de Ercbuli S.R.L. y empresas afiliadas.<\/p><p>Los datos personales que se han incorporado al fichero est\u00e1n protegidos con los medios y los sistemas t\u00e9cnicos necesarios para poder preservar la confidencialidad y evitar la p\u00e9rdida, alteraci\u00f3n o acceso no autorizado, los niveles de seguridad que legalmente se requieran.<\/p><p>Todos los datos solicitados en el documento de captaci\u00f3n son necesarios para poder llevar a cabo la tarea encomendada, pudiendo llegar, en caso de ser incompletos, a impedir su correcta realizaci\u00f3n.<\/p><p>El interesado puede ejercer los derechos de acceder a sus datos personales, obtener informaci\u00f3n, rectificar u oponerse a que estos se cedan en los t\u00e9rminos establecidos. Para ejercer estos derechos, el interesado podr\u00e1 dirigirse a Ercbuli S.R.L., en el domicilio antes mencionado.<\/p>\t\t\t\t\t\t\t\t<\/div>\n\t\t\t\t<\/div>\n\t\t\t\t\t<\/div>\n\t\t\t\t<\/div>\n\t\t\t\t<\/div>\n\t\t","protected":false},"excerpt":{"rendered":"<p>Aviso legal INICIO En cumplimiento de lo que establece la Ley 34\/2002, de 11 de julio, de Servicios de la Sociedad de la Informaci\u00f3n y del Comercio Electr\u00f3nico, le informamos que el titular de elstrespins.com es: Ercbuli S.R.L., con direcci\u00f3n Carretera de Balsareny a S\u00faria s\/n, 08660 Balsareny (Barcelona). Inscrita en el Registro Mercantil de [&hellip;]<\/p>\n","protected":false},"author":1,"featured_media":0,"parent":0,"menu_order":0,"comment_status":"closed","ping_status":"closed","template":"","meta":{"_acf_changed":false,"footnotes":""},"class_list":["post-4616","page","type-page","status-publish","hentry"],"acf":[],"yoast_head":"<!-- This site is optimized with the Yoast SEO plugin v27.0 - https:\/\/yoast.com\/product\/yoast-seo-wordpress\/ -->\n<title>Aviso legal - Els Tres Pins<\/title>\n<meta name=\"description\" content=\"P\u00e1gina del aviso legal del sitio web de Els Tres Pins.\" \/>\n<meta name=\"robots\" content=\"index, follow, max-snippet:-1, max-image-preview:large, max-video-preview:-1\" \/>\n<link rel=\"canonical\" href=\"https:\/\/www.elstrespins.com\/es\/aviso-legal\/\" \/>\n<meta property=\"og:locale\" content=\"es_ES\" \/>\n<meta property=\"og:type\" content=\"article\" \/>\n<meta property=\"og:title\" content=\"Aviso legal - Els Tres Pins\" \/>\n<meta property=\"og:description\" content=\"P\u00e1gina del aviso legal del sitio web de Els Tres Pins.\" \/>\n<meta property=\"og:url\" content=\"https:\/\/www.elstrespins.com\/es\/aviso-legal\/\" \/>\n<meta property=\"og:site_name\" content=\"Els Tres Pins\" \/>\n<meta property=\"article:publisher\" content=\"https:\/\/www.facebook.com\/elstrespins\/\" \/>\n<meta property=\"article:modified_time\" content=\"2026-02-25T16:38:39+00:00\" \/>\n<meta property=\"og:image\" content=\"https:\/\/www.elstrespins.com\/wp-content\/uploads\/2025\/11\/logo-header.png\" \/>\n\t<meta property=\"og:image:width\" content=\"231\" \/>\n\t<meta property=\"og:image:height\" content=\"57\" \/>\n\t<meta property=\"og:image:type\" content=\"image\/png\" \/>\n<meta name=\"twitter:card\" content=\"summary_large_image\" \/>\n<meta name=\"twitter:label1\" content=\"Tiempo de lectura\" \/>\n\t<meta name=\"twitter:data1\" content=\"2 minutos\" \/>\n<script type=\"application\/ld+json\" class=\"yoast-schema-graph\">{\"@context\":\"https:\/\/schema.org\",\"@graph\":[{\"@type\":\"WebPage\",\"@id\":\"https:\/\/www.elstrespins.com\/es\/aviso-legal\/\",\"url\":\"https:\/\/www.elstrespins.com\/es\/aviso-legal\/\",\"name\":\"Aviso legal - Els Tres Pins\",\"isPartOf\":{\"@id\":\"https:\/\/www.elstrespins.com\/es\/#website\"},\"datePublished\":\"2025-12-12T16:39:58+00:00\",\"dateModified\":\"2026-02-25T16:38:39+00:00\",\"description\":\"P\u00e1gina del aviso legal del sitio web de Els Tres Pins.\",\"breadcrumb\":{\"@id\":\"https:\/\/www.elstrespins.com\/es\/aviso-legal\/#breadcrumb\"},\"inLanguage\":\"es\",\"potentialAction\":[{\"@type\":\"ReadAction\",\"target\":[\"https:\/\/www.elstrespins.com\/es\/aviso-legal\/\"]}]},{\"@type\":\"BreadcrumbList\",\"@id\":\"https:\/\/www.elstrespins.com\/es\/aviso-legal\/#breadcrumb\",\"itemListElement\":[{\"@type\":\"ListItem\",\"position\":1,\"name\":\"Inici\",\"item\":\"https:\/\/www.elstrespins.com\/es\/\"},{\"@type\":\"ListItem\",\"position\":2,\"name\":\"Aviso legal\"}]},{\"@type\":\"WebSite\",\"@id\":\"https:\/\/www.elstrespins.com\/es\/#website\",\"url\":\"https:\/\/www.elstrespins.com\/es\/\",\"name\":\"Els Tres Pins\",\"description\":\"\",\"publisher\":{\"@id\":\"https:\/\/www.elstrespins.com\/es\/#organization\"},\"alternateName\":\"Els Tres Pins\",\"potentialAction\":[{\"@type\":\"SearchAction\",\"target\":{\"@type\":\"EntryPoint\",\"urlTemplate\":\"https:\/\/www.elstrespins.com\/es\/?s={search_term_string}\"},\"query-input\":{\"@type\":\"PropertyValueSpecification\",\"valueRequired\":true,\"valueName\":\"search_term_string\"}}],\"inLanguage\":\"es\"},{\"@type\":\"Organization\",\"@id\":\"https:\/\/www.elstrespins.com\/es\/#organization\",\"name\":\"Els Tres Pins\",\"alternateName\":\"Els Tres Pins\",\"url\":\"https:\/\/www.elstrespins.com\/es\/\",\"logo\":{\"@type\":\"ImageObject\",\"inLanguage\":\"es\",\"@id\":\"https:\/\/www.elstrespins.com\/es\/#\/schema\/logo\/image\/\",\"url\":\"https:\/\/www.elstrespins.com\/wp-content\/uploads\/2025\/11\/logo-header.png\",\"contentUrl\":\"https:\/\/www.elstrespins.com\/wp-content\/uploads\/2025\/11\/logo-header.png\",\"width\":231,\"height\":57,\"caption\":\"Els Tres Pins\"},\"image\":{\"@id\":\"https:\/\/www.elstrespins.com\/es\/#\/schema\/logo\/image\/\"},\"sameAs\":[\"https:\/\/www.facebook.com\/elstrespins\/\"]}]}<\/script>\n<!-- \/ Yoast SEO plugin. -->","yoast_head_json":{"title":"Aviso legal - Els Tres Pins","description":"P\u00e1gina del aviso legal del sitio web de Els Tres Pins.","robots":{"index":"index","follow":"follow","max-snippet":"max-snippet:-1","max-image-preview":"max-image-preview:large","max-video-preview":"max-video-preview:-1"},"canonical":"https:\/\/www.elstrespins.com\/es\/aviso-legal\/","og_locale":"es_ES","og_type":"article","og_title":"Aviso legal - Els Tres Pins","og_description":"P\u00e1gina del aviso legal del sitio web de Els Tres Pins.","og_url":"https:\/\/www.elstrespins.com\/es\/aviso-legal\/","og_site_name":"Els Tres Pins","article_publisher":"https:\/\/www.facebook.com\/elstrespins\/","article_modified_time":"2026-02-25T16:38:39+00:00","og_image":[{"width":231,"height":57,"url":"https:\/\/www.elstrespins.com\/wp-content\/uploads\/2025\/11\/logo-header.png","type":"image\/png"}],"twitter_card":"summary_large_image","twitter_misc":{"Tiempo de lectura":"2 minutos"},"schema":{"@context":"https:\/\/schema.org","@graph":[{"@type":"WebPage","@id":"https:\/\/www.elstrespins.com\/es\/aviso-legal\/","url":"https:\/\/www.elstrespins.com\/es\/aviso-legal\/","name":"Aviso legal - Els Tres Pins","isPartOf":{"@id":"https:\/\/www.elstrespins.com\/es\/#website"},"datePublished":"2025-12-12T16:39:58+00:00","dateModified":"2026-02-25T16:38:39+00:00","description":"P\u00e1gina del aviso legal del sitio web de Els Tres Pins.","breadcrumb":{"@id":"https:\/\/www.elstrespins.com\/es\/aviso-legal\/#breadcrumb"},"inLanguage":"es","potentialAction":[{"@type":"ReadAction","target":["https:\/\/www.elstrespins.com\/es\/aviso-legal\/"]}]},{"@type":"BreadcrumbList","@id":"https:\/\/www.elstrespins.com\/es\/aviso-legal\/#breadcrumb","itemListElement":[{"@type":"ListItem","position":1,"name":"Inici","item":"https:\/\/www.elstrespins.com\/es\/"},{"@type":"ListItem","position":2,"name":"Aviso legal"}]},{"@type":"WebSite","@id":"https:\/\/www.elstrespins.com\/es\/#website","url":"https:\/\/www.elstrespins.com\/es\/","name":"Els Tres Pins","description":"","publisher":{"@id":"https:\/\/www.elstrespins.com\/es\/#organization"},"alternateName":"Els Tres Pins","potentialAction":[{"@type":"SearchAction","target":{"@type":"EntryPoint","urlTemplate":"https:\/\/www.elstrespins.com\/es\/?s={search_term_string}"},"query-input":{"@type":"PropertyValueSpecification","valueRequired":true,"valueName":"search_term_string"}}],"inLanguage":"es"},{"@type":"Organization","@id":"https:\/\/www.elstrespins.com\/es\/#organization","name":"Els Tres Pins","alternateName":"Els Tres Pins","url":"https:\/\/www.elstrespins.com\/es\/","logo":{"@type":"ImageObject","inLanguage":"es","@id":"https:\/\/www.elstrespins.com\/es\/#\/schema\/logo\/image\/","url":"https:\/\/www.elstrespins.com\/wp-content\/uploads\/2025\/11\/logo-header.png","contentUrl":"https:\/\/www.elstrespins.com\/wp-content\/uploads\/2025\/11\/logo-header.png","width":231,"height":57,"caption":"Els Tres Pins"},"image":{"@id":"https:\/\/www.elstrespins.com\/es\/#\/schema\/logo\/image\/"},"sameAs":["https:\/\/www.facebook.com\/elstrespins\/"]}]}},"_links":{"self":[{"href":"https:\/\/www.elstrespins.com\/es\/wp-json\/wp\/v2\/pages\/4616","targetHints":{"allow":["GET"]}}],"collection":[{"href":"https:\/\/www.elstrespins.com\/es\/wp-json\/wp\/v2\/pages"}],"about":[{"href":"https:\/\/www.elstrespins.com\/es\/wp-json\/wp\/v2\/types\/page"}],"author":[{"embeddable":true,"href":"https:\/\/www.elstrespins.com\/es\/wp-json\/wp\/v2\/users\/1"}],"replies":[{"embeddable":true,"href":"https:\/\/www.elstrespins.com\/es\/wp-json\/wp\/v2\/comments?post=4616"}],"version-history":[{"count":3,"href":"https:\/\/www.elstrespins.com\/es\/wp-json\/wp\/v2\/pages\/4616\/revisions"}],"predecessor-version":[{"id":6192,"href":"https:\/\/www.elstrespins.com\/es\/wp-json\/wp\/v2\/pages\/4616\/revisions\/6192"}],"wp:attachment":[{"href":"https:\/\/www.elstrespins.com\/es\/wp-json\/wp\/v2\/media?parent=4616"}],"curies":[{"name":"wp","href":"https:\/\/api.w.org\/{rel}","templated":true}]}}