{"id":4620,"date":"2025-12-04T11:42:02","date_gmt":"2025-12-04T09:42:02","guid":{"rendered":"https:\/\/www.elstrespins.com\/blog\/"},"modified":"2025-12-19T10:18:22","modified_gmt":"2025-12-19T08:18:22","slug":"blog","status":"publish","type":"page","link":"https:\/\/www.elstrespins.com\/es\/blog\/","title":{"rendered":"Blog"},"content":{"rendered":"\t\t<div data-elementor-type=\"wp-page\" data-elementor-id=\"4620\" class=\"elementor elementor-4620 elementor-2592\" data-elementor-post-type=\"page\">\n\t\t\t\t<div class=\"elementor-element elementor-element-ded6a93 e-flex e-con-boxed e-con e-parent\" data-id=\"ded6a93\" data-element_type=\"container\" data-e-type=\"container\" data-settings=\"{&quot;background_background&quot;:&quot;classic&quot;,&quot;shape_divider_bottom&quot;:&quot;waves&quot;}\">\n\t\t\t\t\t<div class=\"e-con-inner\">\n\t\t\t\t<div class=\"elementor-shape elementor-shape-bottom\" aria-hidden=\"true\" data-negative=\"false\">\n\t\t\t<svg xmlns=\"http:\/\/www.w3.org\/2000\/svg\" viewBox=\"0 0 1000 100\" preserveAspectRatio=\"none\">\n\t<path class=\"elementor-shape-fill\" d=\"M421.9,6.5c22.6-2.5,51.5,0.4,75.5,5.3c23.6,4.9,70.9,23.5,100.5,35.7c75.8,32.2,133.7,44.5,192.6,49.7\n\tc23.6,2.1,48.7,3.5,103.4-2.5c54.7-6,106.2-25.6,106.2-25.6V0H0v30.3c0,0,72,32.6,158.4,30.5c39.2-0.7,92.8-6.7,134-22.4\n\tc21.2-8.1,52.2-18.2,79.7-24.2C399.3,7.9,411.6,7.5,421.9,6.5z\"\/>\n<\/svg>\t\t<\/div>\n\t\t\t\t<div class=\"elementor-element elementor-element-eb7a296 elementor-widget elementor-widget-heading\" data-id=\"eb7a296\" data-element_type=\"widget\" data-e-type=\"widget\" data-settings=\"{&quot;wdt_animation_effect&quot;:&quot;none&quot;}\" data-widget_type=\"heading.default\">\n\t\t\t\t<div class=\"elementor-widget-container\">\n\t\t\t\t\t<h1 class=\"elementor-heading-title elementor-size-default\">Blog<\/h1>\t\t\t\t<\/div>\n\t\t\t\t<\/div>\n\t\t\t\t<div class=\"elementor-element elementor-element-e2d1cfa elementor-widget elementor-widget-hfe-breadcrumbs-widget\" data-id=\"e2d1cfa\" data-element_type=\"widget\" data-e-type=\"widget\" data-settings=\"{&quot;wdt_animation_effect&quot;:&quot;none&quot;}\" data-widget_type=\"hfe-breadcrumbs-widget.default\">\n\t\t\t\t<div class=\"elementor-widget-container\">\n\t\t\t\t\t<nav aria-label=\"Breadcrumb\"><ul class=\"hfe-breadcrumbs hfe-breadcrumbs-show-home\"><li class=\"hfe-breadcrumbs-item hfe-breadcrumbs-first\"><span class=\"hfe-breadcrumbs-home-icon\"><\/span><a href=\"https:\/\/www.elstrespins.com\/es\/\"><span class=\"hfe-breadcrumbs-text\">INICIO<\/span><\/a><\/li><\/ul><\/nav>\t\t\t\t<\/div>\n\t\t\t\t<\/div>\n\t\t\t\t\t<\/div>\n\t\t\t\t<\/div>\n\t\t<div class=\"elementor-element elementor-element-5e613a0 e-flex e-con-boxed e-con e-parent\" data-id=\"5e613a0\" data-element_type=\"container\" data-e-type=\"container\">\n\t\t\t\t\t<div class=\"e-con-inner\">\n\t\t\t\t<div class=\"elementor-element elementor-element-0d1e25d elementor-widget elementor-widget-hfe-basic-posts\" data-id=\"0d1e25d\" data-element_type=\"widget\" data-e-type=\"widget\" data-settings=\"{&quot;wdt_animation_effect&quot;:&quot;none&quot;}\" data-widget_type=\"hfe-basic-posts.default\">\n\t\t\t\t<div class=\"elementor-widget-container\">\n\t\t\t\t\t\n<div class=\"hfe-posts-grid\">\n\t\t\t<article class=\"hfe-post-card\">\n\t\t\t\t\t\t\t<div class=\"hfe-post-image\">\n\t\t\t\t\t<a href=\"https:\/\/www.elstrespins.com\/es\/cadellada-de-schnauzer-mini-sal-i-pebre\/\" rel=\"bookmark\">\n\t\t\t\t\t\t<img loading=\"lazy\" decoding=\"async\" width=\"300\" height=\"288\" src=\"https:\/\/www.elstrespins.com\/wp-content\/uploads\/2026\/03\/IMG_20250203_125756-300x288.jpg\" class=\"attachment-medium size-medium wp-post-image\" alt=\"Camada de Schnauzer mini sal y pimienta\" loading=\"lazy\" srcset=\"https:\/\/www.elstrespins.com\/wp-content\/uploads\/2026\/03\/IMG_20250203_125756-300x288.jpg 300w, https:\/\/www.elstrespins.com\/wp-content\/uploads\/2026\/03\/IMG_20250203_125756-1024x982.jpg 1024w, https:\/\/www.elstrespins.com\/wp-content\/uploads\/2026\/03\/IMG_20250203_125756-768x737.jpg 768w, https:\/\/www.elstrespins.com\/wp-content\/uploads\/2026\/03\/IMG_20250203_125756-1536x1473.jpg 1536w, https:\/\/www.elstrespins.com\/wp-content\/uploads\/2026\/03\/IMG_20250203_125756.jpg 1791w\" sizes=\"auto, (max-width: 300px) 100vw, 300px\" \/>\t\t\t\t\t<\/a>\n\t\t\t\t<\/div>\n\t\t\t\n\t\t\t<div class=\"hfe-post-content\">\n\t\t\t\t\t\t\t\t\t<h3 class=\"hfe-post-title\">\n\t\t\t\t\t\t<a href=\"https:\/\/www.elstrespins.com\/es\/cadellada-de-schnauzer-mini-sal-i-pebre\/\" rel=\"bookmark\">\n\t\t\t\t\t\t\tCamada de Schnauzer mini sal y pimienta\t\t\t\t\t\t<\/a>\n\t\t\t\t\t<\/h3>\n\t\t\t\t\n\t\t\t\t\t\t\t\t\t<div class=\"hfe-post-meta\">\n\t\t\t\t\t\t\t\t\t\t\t<\/div>\n\t\t\t\t\n\t\t\t\t\t\t\t\t\t<div class=\"hfe-post-excerpt\">\n\t\t\t\t\t\tNuestro centro ha empezado el a\u00f1o con una noticia que nos hace especial ilusi\u00f3n: el 21 de febrero de 2026...\t\t\t\t\t<\/div>\n\t\t\t\t\n\t\t\t\t\t\t\t\t\t<a href=\"https:\/\/www.elstrespins.com\/es\/cadellada-de-schnauzer-mini-sal-i-pebre\/\" class=\"hfe-read-more\" rel=\"bookmark\">\n\t\t\t\t\t\tLeer m\u00e1s \u2192\t\t\t\t\t<\/a>\n\t\t\t\t\t\t\t<\/div>\n\t\t<\/article>\n\t\t\t\t<article class=\"hfe-post-card\">\n\t\t\t\t\t\t\t<div class=\"hfe-post-image\">\n\t\t\t\t\t<a href=\"https:\/\/www.elstrespins.com\/es\/cadellada-de-pastor-alemany\/\" rel=\"bookmark\">\n\t\t\t\t\t\t<img loading=\"lazy\" decoding=\"async\" width=\"300\" height=\"275\" src=\"https:\/\/www.elstrespins.com\/wp-content\/uploads\/2026\/02\/femella-1.1-300x275.jpeg\" class=\"attachment-medium size-medium wp-post-image\" alt=\"Camada de Pastor Aleman\" loading=\"lazy\" srcset=\"https:\/\/www.elstrespins.com\/wp-content\/uploads\/2026\/02\/femella-1.1-300x275.jpeg 300w, https:\/\/www.elstrespins.com\/wp-content\/uploads\/2026\/02\/femella-1.1.jpeg 720w\" sizes=\"auto, (max-width: 300px) 100vw, 300px\" \/>\t\t\t\t\t<\/a>\n\t\t\t\t<\/div>\n\t\t\t\n\t\t\t<div class=\"hfe-post-content\">\n\t\t\t\t\t\t\t\t\t<h3 class=\"hfe-post-title\">\n\t\t\t\t\t\t<a href=\"https:\/\/www.elstrespins.com\/es\/cadellada-de-pastor-alemany\/\" rel=\"bookmark\">\n\t\t\t\t\t\t\tCamada de Pastor Aleman\t\t\t\t\t\t<\/a>\n\t\t\t\t\t<\/h3>\n\t\t\t\t\n\t\t\t\t\t\t\t\t\t<div class=\"hfe-post-meta\">\n\t\t\t\t\t\t\t\t\t\t\t<\/div>\n\t\t\t\t\n\t\t\t\t\t\t\t\t\t<div class=\"hfe-post-excerpt\">\n\t\t\t\t\t\tEl pasado 3 de febrero de 2026, en nuestro centro, dimos la bienvenida a una encantadora camada de Pastor Alem\u00e1n...\t\t\t\t\t<\/div>\n\t\t\t\t\n\t\t\t\t\t\t\t\t\t<a href=\"https:\/\/www.elstrespins.com\/es\/cadellada-de-pastor-alemany\/\" class=\"hfe-read-more\" rel=\"bookmark\">\n\t\t\t\t\t\tLeer m\u00e1s \u2192\t\t\t\t\t<\/a>\n\t\t\t\t\t\t\t<\/div>\n\t\t<\/article>\n\t\t\t\t<article class=\"hfe-post-card\">\n\t\t\t\t\t\t\t<div class=\"hfe-post-image\">\n\t\t\t\t\t<a href=\"https:\/\/www.elstrespins.com\/es\/homologaciones-de-los-perros-de-busqueda-de-personas-desaparecidas-de-la-cruz-roja-en-el-port-del-comte\/\" rel=\"bookmark\">\n\t\t\t\t\t\t<img loading=\"lazy\" decoding=\"async\" width=\"220\" height=\"300\" src=\"https:\/\/www.elstrespins.com\/wp-content\/uploads\/2026\/03\/image-220x300.jpeg\" class=\"attachment-medium size-medium wp-post-image\" alt=\"Homologaciones de los perros de b\u00fasqueda de personas desaparecidas de la Cruz Roja en el Port del Comte\" loading=\"lazy\" srcset=\"https:\/\/www.elstrespins.com\/wp-content\/uploads\/2026\/03\/image-220x300.jpeg 220w, https:\/\/www.elstrespins.com\/wp-content\/uploads\/2026\/03\/image.jpeg 312w\" sizes=\"auto, (max-width: 220px) 100vw, 220px\" \/>\t\t\t\t\t<\/a>\n\t\t\t\t<\/div>\n\t\t\t\n\t\t\t<div class=\"hfe-post-content\">\n\t\t\t\t\t\t\t\t\t<h3 class=\"hfe-post-title\">\n\t\t\t\t\t\t<a href=\"https:\/\/www.elstrespins.com\/es\/homologaciones-de-los-perros-de-busqueda-de-personas-desaparecidas-de-la-cruz-roja-en-el-port-del-comte\/\" rel=\"bookmark\">\n\t\t\t\t\t\t\tHomologaciones de los perros de b\u00fasqueda de personas desaparecidas de la Cruz Roja en el Port del Comte\t\t\t\t\t\t<\/a>\n\t\t\t\t\t<\/h3>\n\t\t\t\t\n\t\t\t\t\t\t\t\t\t<div class=\"hfe-post-meta\">\n\t\t\t\t\t\t\t\t\t\t\t<\/div>\n\t\t\t\t\n\t\t\t\t\t\t\t\t\t<div class=\"hfe-post-excerpt\">\n\t\t\t\t\t\tLos pr\u00f3ximos d\u00edas 16 y 17 de mayo de 2026, el paraje natural del Port del Comte acoger\u00e1 las jornadas...\t\t\t\t\t<\/div>\n\t\t\t\t\n\t\t\t\t\t\t\t\t\t<a href=\"https:\/\/www.elstrespins.com\/es\/homologaciones-de-los-perros-de-busqueda-de-personas-desaparecidas-de-la-cruz-roja-en-el-port-del-comte\/\" class=\"hfe-read-more\" rel=\"bookmark\">\n\t\t\t\t\t\tLeer m\u00e1s \u2192\t\t\t\t\t<\/a>\n\t\t\t\t\t\t\t<\/div>\n\t\t<\/article>\n\t\t\t\t<article class=\"hfe-post-card\">\n\t\t\t\t\t\t\t<div class=\"hfe-post-image\">\n\t\t\t\t\t<a href=\"https:\/\/www.elstrespins.com\/es\/curso-de-educador-y-ensinistrador-canino-empezamos-en-septiembre-de-2026\/\" rel=\"bookmark\">\n\t\t\t\t\t\t<img loading=\"lazy\" decoding=\"async\" width=\"300\" height=\"162\" src=\"https:\/\/www.elstrespins.com\/wp-content\/uploads\/2025\/12\/LOGO-CANINA-RODO-sense-fons-1-300x162.png\" class=\"attachment-medium size-medium wp-post-image\" alt=\"Curso de educador\/a y ensinistrador\/a canino &#8211; Empezamos en septiembre de 2026\" loading=\"lazy\" srcset=\"https:\/\/www.elstrespins.com\/wp-content\/uploads\/2025\/12\/LOGO-CANINA-RODO-sense-fons-1-300x162.png 300w, https:\/\/www.elstrespins.com\/wp-content\/uploads\/2025\/12\/LOGO-CANINA-RODO-sense-fons-1.png 763w\" sizes=\"auto, (max-width: 300px) 100vw, 300px\" \/>\t\t\t\t\t<\/a>\n\t\t\t\t<\/div>\n\t\t\t\n\t\t\t<div class=\"hfe-post-content\">\n\t\t\t\t\t\t\t\t\t<h3 class=\"hfe-post-title\">\n\t\t\t\t\t\t<a href=\"https:\/\/www.elstrespins.com\/es\/curso-de-educador-y-ensinistrador-canino-empezamos-en-septiembre-de-2026\/\" rel=\"bookmark\">\n\t\t\t\t\t\t\tCurso de educador\/a y ensinistrador\/a canino &#8211; Empezamos en septiembre de 2026\t\t\t\t\t\t<\/a>\n\t\t\t\t\t<\/h3>\n\t\t\t\t\n\t\t\t\t\t\t\t\t\t<div class=\"hfe-post-meta\">\n\t\t\t\t\t\t\t\t\t\t\t<\/div>\n\t\t\t\t\n\t\t\t\t\t\t\t\t\t<div class=\"hfe-post-excerpt\">\n\t\t\t\t\t\tDel 19 de septiembre de 2026 al 26 de junio de 2027 Curso de Ensinistrador y Educador\/a Canino La Real...\t\t\t\t\t<\/div>\n\t\t\t\t\n\t\t\t\t\t\t\t\t\t<a href=\"https:\/\/www.elstrespins.com\/es\/curso-de-educador-y-ensinistrador-canino-empezamos-en-septiembre-de-2026\/\" class=\"hfe-read-more\" rel=\"bookmark\">\n\t\t\t\t\t\tLeer m\u00e1s \u2192\t\t\t\t\t<\/a>\n\t\t\t\t\t\t\t<\/div>\n\t\t<\/article>\n\t\t\t\t<article class=\"hfe-post-card\">\n\t\t\t\t\t\t\t<div class=\"hfe-post-image\">\n\t\t\t\t\t<a href=\"https:\/\/www.elstrespins.com\/es\/curso-de-tecnica-en-terapias-asistidas-con-perros-mayo-del-2026\/\" rel=\"bookmark\">\n\t\t\t\t\t\t<img loading=\"lazy\" decoding=\"async\" width=\"300\" height=\"200\" src=\"https:\/\/www.elstrespins.com\/wp-content\/uploads\/2026\/03\/5-ELNA-DORY-300x200.jpg\" class=\"attachment-medium size-medium wp-post-image\" alt=\"Curso de t\u00e9cnico\/a en terapias asistidas con perros &#8211; Mayo del 2026\" loading=\"lazy\" srcset=\"https:\/\/www.elstrespins.com\/wp-content\/uploads\/2026\/03\/5-ELNA-DORY-300x200.jpg 300w, https:\/\/www.elstrespins.com\/wp-content\/uploads\/2026\/03\/5-ELNA-DORY-768x512.jpg 768w, https:\/\/www.elstrespins.com\/wp-content\/uploads\/2026\/03\/5-ELNA-DORY.jpg 1000w\" sizes=\"auto, (max-width: 300px) 100vw, 300px\" \/>\t\t\t\t\t<\/a>\n\t\t\t\t<\/div>\n\t\t\t\n\t\t\t<div class=\"hfe-post-content\">\n\t\t\t\t\t\t\t\t\t<h3 class=\"hfe-post-title\">\n\t\t\t\t\t\t<a href=\"https:\/\/www.elstrespins.com\/es\/curso-de-tecnica-en-terapias-asistidas-con-perros-mayo-del-2026\/\" rel=\"bookmark\">\n\t\t\t\t\t\t\tCurso de t\u00e9cnico\/a en terapias asistidas con perros &#8211; Mayo del 2026\t\t\t\t\t\t<\/a>\n\t\t\t\t\t<\/h3>\n\t\t\t\t\n\t\t\t\t\t\t\t\t\t<div class=\"hfe-post-meta\">\n\t\t\t\t\t\t\t\t\t\t\t<\/div>\n\t\t\t\t\n\t\t\t\t\t\t\t\t\t<div class=\"hfe-post-excerpt\">\n\t\t\t\t\t\tDe mayo a julio de 2026 F\u00f3rmate como T\u00e9cnico en Terapias Asistidas con Perros \u00bfQuieres convertir tu pasi\u00f3n por los...\t\t\t\t\t<\/div>\n\t\t\t\t\n\t\t\t\t\t\t\t\t\t<a href=\"https:\/\/www.elstrespins.com\/es\/curso-de-tecnica-en-terapias-asistidas-con-perros-mayo-del-2026\/\" class=\"hfe-read-more\" rel=\"bookmark\">\n\t\t\t\t\t\tLeer m\u00e1s \u2192\t\t\t\t\t<\/a>\n\t\t\t\t\t\t\t<\/div>\n\t\t<\/article>\n\t\t<\/div>\n\t\t\t\t<\/div>\n\t\t\t\t<\/div>\n\t\t\t\t\t<\/div>\n\t\t\t\t<\/div>\n\t\t\t\t<\/div>\n\t\t","protected":false},"excerpt":{"rendered":"<p>Blog INICIO Curso de t\u00e9cnico\/a en terapias asistidas con perros &#8211; comenzamos el septiembre de 2025 Del 19 de setembre de 2025 al 28 de novembre de 2025 F\u00f3rmate como t\u00e9cnico en Terapias Asistidas con Perros&#8230; Leer m\u00e1s \u2192 Curso de adiestramiento Del 20 de septiembre de 2025 al 19 de junio de 2026 Curso [&hellip;]<\/p>\n","protected":false},"author":1,"featured_media":0,"parent":0,"menu_order":0,"comment_status":"closed","ping_status":"closed","template":"elementor_header_footer","meta":{"_acf_changed":false,"footnotes":""},"class_list":["post-4620","page","type-page","status-publish","hentry"],"acf":[],"yoast_head":"<!-- This site is optimized with the Yoast SEO plugin v27.0 - https:\/\/yoast.com\/product\/yoast-seo-wordpress\/ -->\n<title>Blog - Els Tres Pins<\/title>\n<meta name=\"description\" content=\"Visita nuestro blog y descubre las \u00faltimas noticias relacionadas con Els Tres Pins.\" \/>\n<meta name=\"robots\" content=\"index, follow, max-snippet:-1, max-image-preview:large, max-video-preview:-1\" \/>\n<link rel=\"canonical\" href=\"https:\/\/www.elstrespins.com\/es\/blog\/\" \/>\n<meta property=\"og:locale\" content=\"es_ES\" \/>\n<meta property=\"og:type\" content=\"article\" \/>\n<meta property=\"og:title\" content=\"Blog - Els Tres Pins\" \/>\n<meta property=\"og:description\" content=\"Visita nuestro blog y descubre las \u00faltimas noticias relacionadas con Els Tres Pins.\" \/>\n<meta property=\"og:url\" content=\"https:\/\/www.elstrespins.com\/es\/blog\/\" \/>\n<meta property=\"og:site_name\" content=\"Els Tres Pins\" \/>\n<meta property=\"article:publisher\" content=\"https:\/\/www.facebook.com\/elstrespins\/\" \/>\n<meta property=\"article:modified_time\" content=\"2025-12-19T08:18:22+00:00\" \/>\n<meta property=\"og:image\" content=\"https:\/\/www.elstrespins.com\/wp-content\/uploads\/2025\/12\/cursos-01-300x169.jpg\" \/>\n<meta name=\"twitter:card\" content=\"summary_large_image\" \/>\n<meta name=\"twitter:label1\" content=\"Tiempo de lectura\" \/>\n\t<meta name=\"twitter:data1\" content=\"2 minutos\" \/>\n<script type=\"application\/ld+json\" class=\"yoast-schema-graph\">{\"@context\":\"https:\/\/schema.org\",\"@graph\":[{\"@type\":\"WebPage\",\"@id\":\"https:\/\/www.elstrespins.com\/es\/blog\/\",\"url\":\"https:\/\/www.elstrespins.com\/es\/blog\/\",\"name\":\"Blog - Els Tres Pins\",\"isPartOf\":{\"@id\":\"https:\/\/www.elstrespins.com\/es\/#website\"},\"primaryImageOfPage\":{\"@id\":\"https:\/\/www.elstrespins.com\/es\/blog\/#primaryimage\"},\"image\":{\"@id\":\"https:\/\/www.elstrespins.com\/es\/blog\/#primaryimage\"},\"thumbnailUrl\":\"https:\/\/www.elstrespins.com\/wp-content\/uploads\/2025\/12\/cursos-01-300x169.jpg\",\"datePublished\":\"2025-12-04T09:42:02+00:00\",\"dateModified\":\"2025-12-19T08:18:22+00:00\",\"description\":\"Visita nuestro blog y descubre las \u00faltimas noticias relacionadas con Els Tres Pins.\",\"breadcrumb\":{\"@id\":\"https:\/\/www.elstrespins.com\/es\/blog\/#breadcrumb\"},\"inLanguage\":\"es\",\"potentialAction\":[{\"@type\":\"ReadAction\",\"target\":[\"https:\/\/www.elstrespins.com\/es\/blog\/\"]}]},{\"@type\":\"ImageObject\",\"inLanguage\":\"es\",\"@id\":\"https:\/\/www.elstrespins.com\/es\/blog\/#primaryimage\",\"url\":\"https:\/\/www.elstrespins.com\/wp-content\/uploads\/2025\/12\/cursos-01-300x169.jpg\",\"contentUrl\":\"https:\/\/www.elstrespins.com\/wp-content\/uploads\/2025\/12\/cursos-01-300x169.jpg\"},{\"@type\":\"BreadcrumbList\",\"@id\":\"https:\/\/www.elstrespins.com\/es\/blog\/#breadcrumb\",\"itemListElement\":[{\"@type\":\"ListItem\",\"position\":1,\"name\":\"Inici\",\"item\":\"https:\/\/www.elstrespins.com\/es\/\"},{\"@type\":\"ListItem\",\"position\":2,\"name\":\"Blog\"}]},{\"@type\":\"WebSite\",\"@id\":\"https:\/\/www.elstrespins.com\/es\/#website\",\"url\":\"https:\/\/www.elstrespins.com\/es\/\",\"name\":\"Els Tres Pins\",\"description\":\"\",\"publisher\":{\"@id\":\"https:\/\/www.elstrespins.com\/es\/#organization\"},\"alternateName\":\"Els Tres Pins\",\"potentialAction\":[{\"@type\":\"SearchAction\",\"target\":{\"@type\":\"EntryPoint\",\"urlTemplate\":\"https:\/\/www.elstrespins.com\/es\/?s={search_term_string}\"},\"query-input\":{\"@type\":\"PropertyValueSpecification\",\"valueRequired\":true,\"valueName\":\"search_term_string\"}}],\"inLanguage\":\"es\"},{\"@type\":\"Organization\",\"@id\":\"https:\/\/www.elstrespins.com\/es\/#organization\",\"name\":\"Els Tres Pins\",\"alternateName\":\"Els Tres Pins\",\"url\":\"https:\/\/www.elstrespins.com\/es\/\",\"logo\":{\"@type\":\"ImageObject\",\"inLanguage\":\"es\",\"@id\":\"https:\/\/www.elstrespins.com\/es\/#\/schema\/logo\/image\/\",\"url\":\"https:\/\/www.elstrespins.com\/wp-content\/uploads\/2025\/11\/logo-header.png\",\"contentUrl\":\"https:\/\/www.elstrespins.com\/wp-content\/uploads\/2025\/11\/logo-header.png\",\"width\":231,\"height\":57,\"caption\":\"Els Tres Pins\"},\"image\":{\"@id\":\"https:\/\/www.elstrespins.com\/es\/#\/schema\/logo\/image\/\"},\"sameAs\":[\"https:\/\/www.facebook.com\/elstrespins\/\"]}]}<\/script>\n<!-- \/ Yoast SEO plugin. -->","yoast_head_json":{"title":"Blog - Els Tres Pins","description":"Visita nuestro blog y descubre las \u00faltimas noticias relacionadas con Els Tres Pins.","robots":{"index":"index","follow":"follow","max-snippet":"max-snippet:-1","max-image-preview":"max-image-preview:large","max-video-preview":"max-video-preview:-1"},"canonical":"https:\/\/www.elstrespins.com\/es\/blog\/","og_locale":"es_ES","og_type":"article","og_title":"Blog - Els Tres Pins","og_description":"Visita nuestro blog y descubre las \u00faltimas noticias relacionadas con Els Tres Pins.","og_url":"https:\/\/www.elstrespins.com\/es\/blog\/","og_site_name":"Els Tres Pins","article_publisher":"https:\/\/www.facebook.com\/elstrespins\/","article_modified_time":"2025-12-19T08:18:22+00:00","og_image":[{"url":"https:\/\/www.elstrespins.com\/wp-content\/uploads\/2025\/12\/cursos-01-300x169.jpg","type":"","width":"","height":""}],"twitter_card":"summary_large_image","twitter_misc":{"Tiempo de lectura":"2 minutos"},"schema":{"@context":"https:\/\/schema.org","@graph":[{"@type":"WebPage","@id":"https:\/\/www.elstrespins.com\/es\/blog\/","url":"https:\/\/www.elstrespins.com\/es\/blog\/","name":"Blog - Els Tres Pins","isPartOf":{"@id":"https:\/\/www.elstrespins.com\/es\/#website"},"primaryImageOfPage":{"@id":"https:\/\/www.elstrespins.com\/es\/blog\/#primaryimage"},"image":{"@id":"https:\/\/www.elstrespins.com\/es\/blog\/#primaryimage"},"thumbnailUrl":"https:\/\/www.elstrespins.com\/wp-content\/uploads\/2025\/12\/cursos-01-300x169.jpg","datePublished":"2025-12-04T09:42:02+00:00","dateModified":"2025-12-19T08:18:22+00:00","description":"Visita nuestro blog y descubre las \u00faltimas noticias relacionadas con Els Tres Pins.","breadcrumb":{"@id":"https:\/\/www.elstrespins.com\/es\/blog\/#breadcrumb"},"inLanguage":"es","potentialAction":[{"@type":"ReadAction","target":["https:\/\/www.elstrespins.com\/es\/blog\/"]}]},{"@type":"ImageObject","inLanguage":"es","@id":"https:\/\/www.elstrespins.com\/es\/blog\/#primaryimage","url":"https:\/\/www.elstrespins.com\/wp-content\/uploads\/2025\/12\/cursos-01-300x169.jpg","contentUrl":"https:\/\/www.elstrespins.com\/wp-content\/uploads\/2025\/12\/cursos-01-300x169.jpg"},{"@type":"BreadcrumbList","@id":"https:\/\/www.elstrespins.com\/es\/blog\/#breadcrumb","itemListElement":[{"@type":"ListItem","position":1,"name":"Inici","item":"https:\/\/www.elstrespins.com\/es\/"},{"@type":"ListItem","position":2,"name":"Blog"}]},{"@type":"WebSite","@id":"https:\/\/www.elstrespins.com\/es\/#website","url":"https:\/\/www.elstrespins.com\/es\/","name":"Els Tres Pins","description":"","publisher":{"@id":"https:\/\/www.elstrespins.com\/es\/#organization"},"alternateName":"Els Tres Pins","potentialAction":[{"@type":"SearchAction","target":{"@type":"EntryPoint","urlTemplate":"https:\/\/www.elstrespins.com\/es\/?s={search_term_string}"},"query-input":{"@type":"PropertyValueSpecification","valueRequired":true,"valueName":"search_term_string"}}],"inLanguage":"es"},{"@type":"Organization","@id":"https:\/\/www.elstrespins.com\/es\/#organization","name":"Els Tres Pins","alternateName":"Els Tres Pins","url":"https:\/\/www.elstrespins.com\/es\/","logo":{"@type":"ImageObject","inLanguage":"es","@id":"https:\/\/www.elstrespins.com\/es\/#\/schema\/logo\/image\/","url":"https:\/\/www.elstrespins.com\/wp-content\/uploads\/2025\/11\/logo-header.png","contentUrl":"https:\/\/www.elstrespins.com\/wp-content\/uploads\/2025\/11\/logo-header.png","width":231,"height":57,"caption":"Els Tres Pins"},"image":{"@id":"https:\/\/www.elstrespins.com\/es\/#\/schema\/logo\/image\/"},"sameAs":["https:\/\/www.facebook.com\/elstrespins\/"]}]}},"_links":{"self":[{"href":"https:\/\/www.elstrespins.com\/es\/wp-json\/wp\/v2\/pages\/4620","targetHints":{"allow":["GET"]}}],"collection":[{"href":"https:\/\/www.elstrespins.com\/es\/wp-json\/wp\/v2\/pages"}],"about":[{"href":"https:\/\/www.elstrespins.com\/es\/wp-json\/wp\/v2\/types\/page"}],"author":[{"embeddable":true,"href":"https:\/\/www.elstrespins.com\/es\/wp-json\/wp\/v2\/users\/1"}],"replies":[{"embeddable":true,"href":"https:\/\/www.elstrespins.com\/es\/wp-json\/wp\/v2\/comments?post=4620"}],"version-history":[{"count":0,"href":"https:\/\/www.elstrespins.com\/es\/wp-json\/wp\/v2\/pages\/4620\/revisions"}],"wp:attachment":[{"href":"https:\/\/www.elstrespins.com\/es\/wp-json\/wp\/v2\/media?parent=4620"}],"curies":[{"name":"wp","href":"https:\/\/api.w.org\/{rel}","templated":true}]}}