{"id":4637,"date":"2025-12-04T11:12:31","date_gmt":"2025-12-04T09:12:31","guid":{"rendered":"https:\/\/www.elstrespins.com\/metode-ercbuli\/"},"modified":"2025-12-17T12:46:49","modified_gmt":"2025-12-17T10:46:49","slug":"metodo-ercbuli","status":"publish","type":"page","link":"https:\/\/www.elstrespins.com\/es\/metodo-ercbuli\/","title":{"rendered":"M\u00e9todo ERCBULI"},"content":{"rendered":"\t\t<div data-elementor-type=\"wp-page\" data-elementor-id=\"4637\" class=\"elementor elementor-4637 elementor-2576\" data-elementor-post-type=\"page\">\n\t\t\t\t<div class=\"elementor-element elementor-element-5ef4d8d e-flex e-con-boxed e-con e-parent\" data-id=\"5ef4d8d\" data-element_type=\"container\" data-e-type=\"container\" data-settings=\"{&quot;background_background&quot;:&quot;classic&quot;,&quot;shape_divider_bottom&quot;:&quot;waves&quot;}\">\n\t\t\t\t\t<div class=\"e-con-inner\">\n\t\t\t\t<div class=\"elementor-shape elementor-shape-bottom\" aria-hidden=\"true\" data-negative=\"false\">\n\t\t\t<svg xmlns=\"http:\/\/www.w3.org\/2000\/svg\" viewBox=\"0 0 1000 100\" preserveAspectRatio=\"none\">\n\t<path class=\"elementor-shape-fill\" d=\"M421.9,6.5c22.6-2.5,51.5,0.4,75.5,5.3c23.6,4.9,70.9,23.5,100.5,35.7c75.8,32.2,133.7,44.5,192.6,49.7\n\tc23.6,2.1,48.7,3.5,103.4-2.5c54.7-6,106.2-25.6,106.2-25.6V0H0v30.3c0,0,72,32.6,158.4,30.5c39.2-0.7,92.8-6.7,134-22.4\n\tc21.2-8.1,52.2-18.2,79.7-24.2C399.3,7.9,411.6,7.5,421.9,6.5z\"\/>\n<\/svg>\t\t<\/div>\n\t\t\t\t<div class=\"elementor-element elementor-element-7d74789 elementor-widget elementor-widget-heading\" data-id=\"7d74789\" data-element_type=\"widget\" data-e-type=\"widget\" data-settings=\"{&quot;wdt_animation_effect&quot;:&quot;none&quot;}\" data-widget_type=\"heading.default\">\n\t\t\t\t<div class=\"elementor-widget-container\">\n\t\t\t\t\t<h1 class=\"elementor-heading-title elementor-size-default\">M\u00e9todo  ERCBULI<\/h1>\t\t\t\t<\/div>\n\t\t\t\t<\/div>\n\t\t\t\t<div class=\"elementor-element elementor-element-44e7fec elementor-widget elementor-widget-hfe-breadcrumbs-widget\" data-id=\"44e7fec\" data-element_type=\"widget\" data-e-type=\"widget\" data-settings=\"{&quot;wdt_animation_effect&quot;:&quot;none&quot;}\" data-widget_type=\"hfe-breadcrumbs-widget.default\">\n\t\t\t\t<div class=\"elementor-widget-container\">\n\t\t\t\t\t<nav aria-label=\"Breadcrumb\"><ul class=\"hfe-breadcrumbs hfe-breadcrumbs-show-home\"><li class=\"hfe-breadcrumbs-item hfe-breadcrumbs-first\"><span class=\"hfe-breadcrumbs-home-icon\"><\/span><a href=\"https:\/\/www.elstrespins.com\/es\/\"><span class=\"hfe-breadcrumbs-text\">INICIO<\/span><\/a><\/li><\/ul><\/nav>\t\t\t\t<\/div>\n\t\t\t\t<\/div>\n\t\t\t\t\t<\/div>\n\t\t\t\t<\/div>\n\t\t<div class=\"elementor-element elementor-element-e171ce4 e-flex e-con-boxed e-con e-parent\" data-id=\"e171ce4\" data-element_type=\"container\" data-e-type=\"container\">\n\t\t\t\t\t<div class=\"e-con-inner\">\n\t\t<div class=\"elementor-element elementor-element-95d522e e-con-full e-flex e-con e-child\" data-id=\"95d522e\" data-element_type=\"container\" data-e-type=\"container\">\n\t\t\t\t<div class=\"elementor-element elementor-element-7a25b81 elementor-widget elementor-widget-image\" data-id=\"7a25b81\" data-element_type=\"widget\" data-e-type=\"widget\" data-settings=\"{&quot;wdt_animation_effect&quot;:&quot;none&quot;}\" data-widget_type=\"image.default\">\n\t\t\t\t<div class=\"elementor-widget-container\">\n\t\t\t\t\t\t\t\t\t\t\t\t\t\t\t<img fetchpriority=\"high\" decoding=\"async\" width=\"1280\" height=\"720\" src=\"https:\/\/www.elstrespins.com\/wp-content\/uploads\/2025\/12\/metode-ercbuli-00-principal.jpg\" class=\"attachment-full size-full wp-image-4600\" alt=\"\" srcset=\"https:\/\/www.elstrespins.com\/wp-content\/uploads\/2025\/12\/metode-ercbuli-00-principal.jpg 1280w, https:\/\/www.elstrespins.com\/wp-content\/uploads\/2025\/12\/metode-ercbuli-00-principal-300x169.jpg 300w, https:\/\/www.elstrespins.com\/wp-content\/uploads\/2025\/12\/metode-ercbuli-00-principal-1024x576.jpg 1024w, https:\/\/www.elstrespins.com\/wp-content\/uploads\/2025\/12\/metode-ercbuli-00-principal-768x432.jpg 768w\" sizes=\"(max-width: 1280px) 100vw, 1280px\" \/>\t\t\t\t\t\t\t\t\t\t\t\t\t\t\t<\/div>\n\t\t\t\t<\/div>\n\t\t\t\t<div class=\"elementor-element elementor-element-5d4da76 elementor-widget elementor-widget-text-editor\" data-id=\"5d4da76\" data-element_type=\"widget\" data-e-type=\"widget\" data-settings=\"{&quot;wdt_animation_effect&quot;:&quot;none&quot;}\" data-widget_type=\"text-editor.default\">\n\t\t\t\t<div class=\"elementor-widget-container\">\n\t\t\t\t\t\t\t\t\t<p>Descripci\u00f3n del sistema y m\u00e9todo ERCBULI por rastro de b\u00fasqueda creado por Enric Bruch y utilizado por el <strong>ERIE<\/strong> (Equipo de Respuesta Inmediata en Emergencias) de Cruz Roja.<\/p><p>El m\u00e9todo ERCBULI nos permite utilizar cualquier tipo de perro, sea o no sea de raza, para el rastro. Ello no quiere decir que no tengamos en cuenta las caracter\u00edsticas diferenciales de cada raza a la hora de efectuar su adiestramiento. De hecho, tambi\u00e9n aprovechamos sus cualidades espec\u00edficas, as\u00ed como tambi\u00e9n tomamos conciencia de las limitaciones de cada ejemplar para adaptarlos a los distintos escenarios con los que podemos encontrarnos. Nuestro grupo de rescate utiliza la t\u00e9cnica de adiestramiento por recompensa sin castigo. Este m\u00e9todo consiste fundamentalmente en seguir el rastro de la persona desaparecida partiendo de un objeto (prenda de ropa, calzado&#8230;) que haya estado en contacto con la misma previamente.<\/p><p>Es un sistema m\u00e1s dif\u00edcil que el de localizaci\u00f3n, pero mucho m\u00e1s fiable y de resultado m\u00e1s r\u00e1pido. Tambi\u00e9n requiere mucho m\u00e1s entrenamiento para los perros y que \u00e9stos est\u00e9n m\u00e1s concentrados en el procedimiento de rastreo. El sistema ERCBULLI permite que ya podamos comenzar a adiestrar perros a la edad de 3 meses, y que, aproximadamente a los dos a\u00f1os de entrenamiento, ya sean efectivos en su funci\u00f3n. Estos dos a\u00f1os de entrenamiento se componen b\u00e1sicamente de pr\u00e1cticas un m\u00ednimo de dos veces por semana y de la realizaci\u00f3n de 400 pistas completas de circuito. Una vez alcanzadas estas metas, ya podemos presentar a los perros al examen de homologaci\u00f3n.<\/p>\t\t\t\t\t\t\t\t<\/div>\n\t\t\t\t<\/div>\n\t\t\t\t<div class=\"elementor-element elementor-element-039daa4 elementor-arrows-position-inside elementor-widget elementor-widget-image-carousel\" data-id=\"039daa4\" data-element_type=\"widget\" data-e-type=\"widget\" data-settings=\"{&quot;slides_to_show&quot;:&quot;2&quot;,&quot;navigation&quot;:&quot;arrows&quot;,&quot;autoplay&quot;:&quot;yes&quot;,&quot;pause_on_hover&quot;:&quot;yes&quot;,&quot;pause_on_interaction&quot;:&quot;yes&quot;,&quot;autoplay_speed&quot;:5000,&quot;infinite&quot;:&quot;yes&quot;,&quot;speed&quot;:500,&quot;image_spacing_custom&quot;:{&quot;unit&quot;:&quot;px&quot;,&quot;size&quot;:20,&quot;sizes&quot;:[]},&quot;image_spacing_custom_laptop&quot;:{&quot;unit&quot;:&quot;px&quot;,&quot;size&quot;:&quot;&quot;,&quot;sizes&quot;:[]},&quot;image_spacing_custom_tablet_extra&quot;:{&quot;unit&quot;:&quot;px&quot;,&quot;size&quot;:&quot;&quot;,&quot;sizes&quot;:[]},&quot;image_spacing_custom_tablet&quot;:{&quot;unit&quot;:&quot;px&quot;,&quot;size&quot;:&quot;&quot;,&quot;sizes&quot;:[]},&quot;image_spacing_custom_mobile_extra&quot;:{&quot;unit&quot;:&quot;px&quot;,&quot;size&quot;:&quot;&quot;,&quot;sizes&quot;:[]},&quot;image_spacing_custom_mobile&quot;:{&quot;unit&quot;:&quot;px&quot;,&quot;size&quot;:&quot;&quot;,&quot;sizes&quot;:[]},&quot;wdt_animation_effect&quot;:&quot;none&quot;}\" data-widget_type=\"image-carousel.default\">\n\t\t\t\t<div class=\"elementor-widget-container\">\n\t\t\t\t\t\t\t<div class=\"elementor-image-carousel-wrapper swiper\" role=\"region\" aria-roledescription=\"carousel\" aria-label=\"Carrusel d&#039;imatges\" dir=\"ltr\">\n\t\t\t<div class=\"elementor-image-carousel swiper-wrapper\" aria-live=\"off\">\n\t\t\t\t\t\t\t\t<div class=\"swiper-slide\" role=\"group\" aria-roledescription=\"slide\" aria-label=\"1 de 3\"><figure class=\"swiper-slide-inner\"><img decoding=\"async\" class=\"swiper-slide-image\" src=\"https:\/\/www.elstrespins.com\/wp-content\/uploads\/2025\/12\/metode-ercbuli-3-retoc.jpg\" alt=\"metode-ercbuli-3-retoc\" \/><\/figure><\/div><div class=\"swiper-slide\" role=\"group\" aria-roledescription=\"slide\" aria-label=\"2 de 3\"><figure class=\"swiper-slide-inner\"><img decoding=\"async\" class=\"swiper-slide-image\" src=\"https:\/\/www.elstrespins.com\/wp-content\/uploads\/2025\/12\/metode-ercbuli-2-retoc.jpeg\" alt=\"metode-ercbuli-2-retoc\" \/><\/figure><\/div><div class=\"swiper-slide\" role=\"group\" aria-roledescription=\"slide\" aria-label=\"3 de 3\"><figure class=\"swiper-slide-inner\"><img decoding=\"async\" class=\"swiper-slide-image\" src=\"https:\/\/www.elstrespins.com\/wp-content\/uploads\/2025\/12\/metode-ercbuli-1-retoc.jpg\" alt=\"metode-ercbuli-1-retoc\" \/><\/figure><\/div>\t\t\t<\/div>\n\t\t\t\t\t\t\t\t\t\t\t\t<div class=\"elementor-swiper-button elementor-swiper-button-prev\" role=\"button\" tabindex=\"0\">\n\t\t\t\t\t\t<i aria-hidden=\"true\" class=\"eicon-chevron-left\"><\/i>\t\t\t\t\t<\/div>\n\t\t\t\t\t<div class=\"elementor-swiper-button elementor-swiper-button-next\" role=\"button\" tabindex=\"0\">\n\t\t\t\t\t\t<i aria-hidden=\"true\" class=\"eicon-chevron-right\"><\/i>\t\t\t\t\t<\/div>\n\t\t\t\t\n\t\t\t\t\t\t\t\t\t<\/div>\n\t\t\t\t\t\t<\/div>\n\t\t\t\t<\/div>\n\t\t\t\t<div class=\"elementor-element elementor-element-2295eaf elementor-widget elementor-widget-text-editor\" data-id=\"2295eaf\" data-element_type=\"widget\" data-e-type=\"widget\" data-settings=\"{&quot;wdt_animation_effect&quot;:&quot;none&quot;}\" data-widget_type=\"text-editor.default\">\n\t\t\t\t<div class=\"elementor-widget-container\">\n\t\t\t\t\t\t\t\t\t<p><strong>Si deseas m\u00e1s informaci\u00f3n acerca de nuestra residencia canina, estaremos encantados de atenderos sin ning\u00fan compromiso.<\/strong><\/p>\t\t\t\t\t\t\t\t<\/div>\n\t\t\t\t<\/div>\n\t\t\t\t<\/div>\n\t\t\t\t\t<\/div>\n\t\t\t\t<\/div>\n\t\t\t\t<\/div>\n\t\t","protected":false},"excerpt":{"rendered":"<p>M\u00e9todo ERCBULI INICIO Descripci\u00f3n del sistema y m\u00e9todo ERCBULI por rastro de b\u00fasqueda creado por Enric Bruch y utilizado por el ERIE (Equipo de Respuesta Inmediata en Emergencias) de Cruz Roja. El m\u00e9todo ERCBULI nos permite utilizar cualquier tipo de perro, sea o no sea de raza, para el rastro. Ello no quiere decir que [&hellip;]<\/p>\n","protected":false},"author":1,"featured_media":0,"parent":0,"menu_order":0,"comment_status":"closed","ping_status":"closed","template":"","meta":{"_acf_changed":false,"footnotes":""},"class_list":["post-4637","page","type-page","status-publish","hentry"],"acf":[],"yoast_head":"<!-- This site is optimized with the Yoast SEO plugin v27.0 - https:\/\/yoast.com\/product\/yoast-seo-wordpress\/ -->\n<title>M\u00e9todo ERCBULI - Els Tres Pins<\/title>\n<meta name=\"description\" content=\"El m\u00e9todo ERCBULI, creado por Enric Bruch y utilizado por el ERIE, permite utilizar a los perros para el rastro.\" \/>\n<meta name=\"robots\" content=\"index, follow, max-snippet:-1, max-image-preview:large, max-video-preview:-1\" \/>\n<link rel=\"canonical\" href=\"https:\/\/www.elstrespins.com\/es\/metodo-ercbuli\/\" \/>\n<meta property=\"og:locale\" content=\"es_ES\" \/>\n<meta property=\"og:type\" content=\"article\" \/>\n<meta property=\"og:title\" content=\"M\u00e9todo ERCBULI - Els Tres Pins\" \/>\n<meta property=\"og:description\" content=\"El m\u00e9todo ERCBULI, creado por Enric Bruch y utilizado por el ERIE, permite utilizar a los perros para el rastro.\" \/>\n<meta property=\"og:url\" content=\"https:\/\/www.elstrespins.com\/es\/metodo-ercbuli\/\" \/>\n<meta property=\"og:site_name\" content=\"Els Tres Pins\" \/>\n<meta property=\"article:publisher\" content=\"https:\/\/www.facebook.com\/elstrespins\/\" \/>\n<meta property=\"article:modified_time\" content=\"2025-12-17T10:46:49+00:00\" \/>\n<meta property=\"og:image\" content=\"https:\/\/www.elstrespins.com\/wp-content\/uploads\/2025\/12\/metode-ercbuli-00-principal.jpg\" \/>\n<meta name=\"twitter:card\" content=\"summary_large_image\" \/>\n<meta name=\"twitter:label1\" content=\"Tiempo de lectura\" \/>\n\t<meta name=\"twitter:data1\" content=\"3 minutos\" \/>\n<script type=\"application\/ld+json\" class=\"yoast-schema-graph\">{\"@context\":\"https:\/\/schema.org\",\"@graph\":[{\"@type\":\"WebPage\",\"@id\":\"https:\/\/www.elstrespins.com\/es\/metodo-ercbuli\/\",\"url\":\"https:\/\/www.elstrespins.com\/es\/metodo-ercbuli\/\",\"name\":\"M\u00e9todo ERCBULI - Els Tres Pins\",\"isPartOf\":{\"@id\":\"https:\/\/www.elstrespins.com\/es\/#website\"},\"primaryImageOfPage\":{\"@id\":\"https:\/\/www.elstrespins.com\/es\/metodo-ercbuli\/#primaryimage\"},\"image\":{\"@id\":\"https:\/\/www.elstrespins.com\/es\/metodo-ercbuli\/#primaryimage\"},\"thumbnailUrl\":\"https:\/\/www.elstrespins.com\/wp-content\/uploads\/2025\/12\/metode-ercbuli-00-principal.jpg\",\"datePublished\":\"2025-12-04T09:12:31+00:00\",\"dateModified\":\"2025-12-17T10:46:49+00:00\",\"description\":\"El m\u00e9todo ERCBULI, creado por Enric Bruch y utilizado por el ERIE, permite utilizar a los perros para el rastro.\",\"breadcrumb\":{\"@id\":\"https:\/\/www.elstrespins.com\/es\/metodo-ercbuli\/#breadcrumb\"},\"inLanguage\":\"es\",\"potentialAction\":[{\"@type\":\"ReadAction\",\"target\":[\"https:\/\/www.elstrespins.com\/es\/metodo-ercbuli\/\"]}]},{\"@type\":\"ImageObject\",\"inLanguage\":\"es\",\"@id\":\"https:\/\/www.elstrespins.com\/es\/metodo-ercbuli\/#primaryimage\",\"url\":\"https:\/\/www.elstrespins.com\/wp-content\/uploads\/2025\/12\/metode-ercbuli-00-principal.jpg\",\"contentUrl\":\"https:\/\/www.elstrespins.com\/wp-content\/uploads\/2025\/12\/metode-ercbuli-00-principal.jpg\"},{\"@type\":\"BreadcrumbList\",\"@id\":\"https:\/\/www.elstrespins.com\/es\/metodo-ercbuli\/#breadcrumb\",\"itemListElement\":[{\"@type\":\"ListItem\",\"position\":1,\"name\":\"Inici\",\"item\":\"https:\/\/www.elstrespins.com\/es\/\"},{\"@type\":\"ListItem\",\"position\":2,\"name\":\"M\u00e9todo ERCBULI\"}]},{\"@type\":\"WebSite\",\"@id\":\"https:\/\/www.elstrespins.com\/es\/#website\",\"url\":\"https:\/\/www.elstrespins.com\/es\/\",\"name\":\"Els Tres Pins\",\"description\":\"\",\"publisher\":{\"@id\":\"https:\/\/www.elstrespins.com\/es\/#organization\"},\"alternateName\":\"Els Tres Pins\",\"potentialAction\":[{\"@type\":\"SearchAction\",\"target\":{\"@type\":\"EntryPoint\",\"urlTemplate\":\"https:\/\/www.elstrespins.com\/es\/?s={search_term_string}\"},\"query-input\":{\"@type\":\"PropertyValueSpecification\",\"valueRequired\":true,\"valueName\":\"search_term_string\"}}],\"inLanguage\":\"es\"},{\"@type\":\"Organization\",\"@id\":\"https:\/\/www.elstrespins.com\/es\/#organization\",\"name\":\"Els Tres Pins\",\"alternateName\":\"Els Tres Pins\",\"url\":\"https:\/\/www.elstrespins.com\/es\/\",\"logo\":{\"@type\":\"ImageObject\",\"inLanguage\":\"es\",\"@id\":\"https:\/\/www.elstrespins.com\/es\/#\/schema\/logo\/image\/\",\"url\":\"https:\/\/www.elstrespins.com\/wp-content\/uploads\/2025\/11\/logo-header.png\",\"contentUrl\":\"https:\/\/www.elstrespins.com\/wp-content\/uploads\/2025\/11\/logo-header.png\",\"width\":231,\"height\":57,\"caption\":\"Els Tres Pins\"},\"image\":{\"@id\":\"https:\/\/www.elstrespins.com\/es\/#\/schema\/logo\/image\/\"},\"sameAs\":[\"https:\/\/www.facebook.com\/elstrespins\/\"]}]}<\/script>\n<!-- \/ Yoast SEO plugin. -->","yoast_head_json":{"title":"M\u00e9todo ERCBULI - Els Tres Pins","description":"El m\u00e9todo ERCBULI, creado por Enric Bruch y utilizado por el ERIE, permite utilizar a los perros para el rastro.","robots":{"index":"index","follow":"follow","max-snippet":"max-snippet:-1","max-image-preview":"max-image-preview:large","max-video-preview":"max-video-preview:-1"},"canonical":"https:\/\/www.elstrespins.com\/es\/metodo-ercbuli\/","og_locale":"es_ES","og_type":"article","og_title":"M\u00e9todo ERCBULI - Els Tres Pins","og_description":"El m\u00e9todo ERCBULI, creado por Enric Bruch y utilizado por el ERIE, permite utilizar a los perros para el rastro.","og_url":"https:\/\/www.elstrespins.com\/es\/metodo-ercbuli\/","og_site_name":"Els Tres Pins","article_publisher":"https:\/\/www.facebook.com\/elstrespins\/","article_modified_time":"2025-12-17T10:46:49+00:00","og_image":[{"url":"https:\/\/www.elstrespins.com\/wp-content\/uploads\/2025\/12\/metode-ercbuli-00-principal.jpg","type":"","width":"","height":""}],"twitter_card":"summary_large_image","twitter_misc":{"Tiempo de lectura":"3 minutos"},"schema":{"@context":"https:\/\/schema.org","@graph":[{"@type":"WebPage","@id":"https:\/\/www.elstrespins.com\/es\/metodo-ercbuli\/","url":"https:\/\/www.elstrespins.com\/es\/metodo-ercbuli\/","name":"M\u00e9todo ERCBULI - Els Tres Pins","isPartOf":{"@id":"https:\/\/www.elstrespins.com\/es\/#website"},"primaryImageOfPage":{"@id":"https:\/\/www.elstrespins.com\/es\/metodo-ercbuli\/#primaryimage"},"image":{"@id":"https:\/\/www.elstrespins.com\/es\/metodo-ercbuli\/#primaryimage"},"thumbnailUrl":"https:\/\/www.elstrespins.com\/wp-content\/uploads\/2025\/12\/metode-ercbuli-00-principal.jpg","datePublished":"2025-12-04T09:12:31+00:00","dateModified":"2025-12-17T10:46:49+00:00","description":"El m\u00e9todo ERCBULI, creado por Enric Bruch y utilizado por el ERIE, permite utilizar a los perros para el rastro.","breadcrumb":{"@id":"https:\/\/www.elstrespins.com\/es\/metodo-ercbuli\/#breadcrumb"},"inLanguage":"es","potentialAction":[{"@type":"ReadAction","target":["https:\/\/www.elstrespins.com\/es\/metodo-ercbuli\/"]}]},{"@type":"ImageObject","inLanguage":"es","@id":"https:\/\/www.elstrespins.com\/es\/metodo-ercbuli\/#primaryimage","url":"https:\/\/www.elstrespins.com\/wp-content\/uploads\/2025\/12\/metode-ercbuli-00-principal.jpg","contentUrl":"https:\/\/www.elstrespins.com\/wp-content\/uploads\/2025\/12\/metode-ercbuli-00-principal.jpg"},{"@type":"BreadcrumbList","@id":"https:\/\/www.elstrespins.com\/es\/metodo-ercbuli\/#breadcrumb","itemListElement":[{"@type":"ListItem","position":1,"name":"Inici","item":"https:\/\/www.elstrespins.com\/es\/"},{"@type":"ListItem","position":2,"name":"M\u00e9todo ERCBULI"}]},{"@type":"WebSite","@id":"https:\/\/www.elstrespins.com\/es\/#website","url":"https:\/\/www.elstrespins.com\/es\/","name":"Els Tres Pins","description":"","publisher":{"@id":"https:\/\/www.elstrespins.com\/es\/#organization"},"alternateName":"Els Tres Pins","potentialAction":[{"@type":"SearchAction","target":{"@type":"EntryPoint","urlTemplate":"https:\/\/www.elstrespins.com\/es\/?s={search_term_string}"},"query-input":{"@type":"PropertyValueSpecification","valueRequired":true,"valueName":"search_term_string"}}],"inLanguage":"es"},{"@type":"Organization","@id":"https:\/\/www.elstrespins.com\/es\/#organization","name":"Els Tres Pins","alternateName":"Els Tres Pins","url":"https:\/\/www.elstrespins.com\/es\/","logo":{"@type":"ImageObject","inLanguage":"es","@id":"https:\/\/www.elstrespins.com\/es\/#\/schema\/logo\/image\/","url":"https:\/\/www.elstrespins.com\/wp-content\/uploads\/2025\/11\/logo-header.png","contentUrl":"https:\/\/www.elstrespins.com\/wp-content\/uploads\/2025\/11\/logo-header.png","width":231,"height":57,"caption":"Els Tres Pins"},"image":{"@id":"https:\/\/www.elstrespins.com\/es\/#\/schema\/logo\/image\/"},"sameAs":["https:\/\/www.facebook.com\/elstrespins\/"]}]}},"_links":{"self":[{"href":"https:\/\/www.elstrespins.com\/es\/wp-json\/wp\/v2\/pages\/4637","targetHints":{"allow":["GET"]}}],"collection":[{"href":"https:\/\/www.elstrespins.com\/es\/wp-json\/wp\/v2\/pages"}],"about":[{"href":"https:\/\/www.elstrespins.com\/es\/wp-json\/wp\/v2\/types\/page"}],"author":[{"embeddable":true,"href":"https:\/\/www.elstrespins.com\/es\/wp-json\/wp\/v2\/users\/1"}],"replies":[{"embeddable":true,"href":"https:\/\/www.elstrespins.com\/es\/wp-json\/wp\/v2\/comments?post=4637"}],"version-history":[{"count":0,"href":"https:\/\/www.elstrespins.com\/es\/wp-json\/wp\/v2\/pages\/4637\/revisions"}],"wp:attachment":[{"href":"https:\/\/www.elstrespins.com\/es\/wp-json\/wp\/v2\/media?parent=4637"}],"curies":[{"name":"wp","href":"https:\/\/api.w.org\/{rel}","templated":true}]}}