{"id":4639,"date":"2025-12-12T19:12:29","date_gmt":"2025-12-12T17:12:29","guid":{"rendered":"https:\/\/www.elstrespins.com\/politica-de-cookies\/"},"modified":"2025-12-17T12:59:55","modified_gmt":"2025-12-17T10:59:55","slug":"politica-de-cookies","status":"publish","type":"page","link":"https:\/\/www.elstrespins.com\/es\/politica-de-cookies\/","title":{"rendered":"Pol\u00edtica de cookies"},"content":{"rendered":"\t\t<div data-elementor-type=\"wp-page\" data-elementor-id=\"4639\" class=\"elementor elementor-4639 elementor-3263\" data-elementor-post-type=\"page\">\n\t\t\t\t<div class=\"elementor-element elementor-element-32d494a0 e-flex e-con-boxed e-con e-parent\" data-id=\"32d494a0\" data-element_type=\"container\" data-e-type=\"container\" data-settings=\"{&quot;background_background&quot;:&quot;classic&quot;,&quot;shape_divider_bottom&quot;:&quot;waves&quot;}\">\n\t\t\t\t\t<div class=\"e-con-inner\">\n\t\t\t\t<div class=\"elementor-shape elementor-shape-bottom\" aria-hidden=\"true\" data-negative=\"false\">\n\t\t\t<svg xmlns=\"http:\/\/www.w3.org\/2000\/svg\" viewBox=\"0 0 1000 100\" preserveAspectRatio=\"none\">\n\t<path class=\"elementor-shape-fill\" d=\"M421.9,6.5c22.6-2.5,51.5,0.4,75.5,5.3c23.6,4.9,70.9,23.5,100.5,35.7c75.8,32.2,133.7,44.5,192.6,49.7\n\tc23.6,2.1,48.7,3.5,103.4-2.5c54.7-6,106.2-25.6,106.2-25.6V0H0v30.3c0,0,72,32.6,158.4,30.5c39.2-0.7,92.8-6.7,134-22.4\n\tc21.2-8.1,52.2-18.2,79.7-24.2C399.3,7.9,411.6,7.5,421.9,6.5z\"\/>\n<\/svg>\t\t<\/div>\n\t\t\t\t<div class=\"elementor-element elementor-element-2451c57c elementor-widget elementor-widget-heading\" data-id=\"2451c57c\" data-element_type=\"widget\" data-e-type=\"widget\" data-settings=\"{&quot;wdt_animation_effect&quot;:&quot;none&quot;}\" data-widget_type=\"heading.default\">\n\t\t\t\t<div class=\"elementor-widget-container\">\n\t\t\t\t\t<h1 class=\"elementor-heading-title elementor-size-default\">Pol\u00edtica de cookies<\/h1>\t\t\t\t<\/div>\n\t\t\t\t<\/div>\n\t\t\t\t<div class=\"elementor-element elementor-element-127cf445 elementor-widget elementor-widget-hfe-breadcrumbs-widget\" data-id=\"127cf445\" data-element_type=\"widget\" data-e-type=\"widget\" data-settings=\"{&quot;wdt_animation_effect&quot;:&quot;none&quot;}\" data-widget_type=\"hfe-breadcrumbs-widget.default\">\n\t\t\t\t<div class=\"elementor-widget-container\">\n\t\t\t\t\t<nav aria-label=\"Breadcrumb\"><ul class=\"hfe-breadcrumbs hfe-breadcrumbs-show-home\"><li class=\"hfe-breadcrumbs-item hfe-breadcrumbs-first\"><span class=\"hfe-breadcrumbs-home-icon\"><\/span><a href=\"https:\/\/www.elstrespins.com\/es\/\"><span class=\"hfe-breadcrumbs-text\">INICIO<\/span><\/a><\/li><\/ul><\/nav>\t\t\t\t<\/div>\n\t\t\t\t<\/div>\n\t\t\t\t\t<\/div>\n\t\t\t\t<\/div>\n\t\t<div class=\"elementor-element elementor-element-7fbd6ed8 e-flex e-con-boxed e-con e-parent\" data-id=\"7fbd6ed8\" data-element_type=\"container\" data-e-type=\"container\">\n\t\t\t\t\t<div class=\"e-con-inner\">\n\t\t\t\t<div class=\"elementor-element elementor-element-2ca54c73 elementor-widget elementor-widget-text-editor\" data-id=\"2ca54c73\" data-element_type=\"widget\" data-e-type=\"widget\" data-settings=\"{&quot;wdt_animation_effect&quot;:&quot;none&quot;}\" data-widget_type=\"text-editor.default\">\n\t\t\t\t<div class=\"elementor-widget-container\">\n\t\t\t\t\t\t\t\t\t<p>Una cookie es un fichero que se descarga en su ordenador al acceder a determinadas p\u00e1ginas web. Las cookies permiten a una p\u00e1gina web, entre otras cosas, almacenar y recuperar informaci\u00f3n sobre los h\u00e1bitos de navegaci\u00f3n de un usuario o de su equipo y, dependiendo de la informaci\u00f3n que contenga y de la forma en que utilice su equipo, pueden utilizarse para reconocer al usuario.<\/p><p>Las cookies son esenciales para el funcionamiento de internet, aportando innumerables ventajas en la prestaci\u00f3n de servicios interactivos, facilit\u00e1ndole la navegaci\u00f3n y la usabilidad de nuestra web.<\/p><p>La informaci\u00f3n que le proporcionamos a continuaci\u00f3n le ayudar\u00e1 a comprender los diferentes tipos de cookies:<\/p><ol><li><strong>SEG\u00daN LA ENTIDAD QUE LAS GESTIONE<\/strong><ul><li>Cookies propias: Son aquellas que se recogen por el propio editor para prestar el servicio solicitado por el usuario.<\/li><li>Cookies de terceros: Son aquellas que son recogidas y gestionadas por un tercero, estas no se pueden considerar propias.<\/li><\/ul><\/li><li><strong>SEG\u00daN EL TERMINIO DE TIEMPO QUE PERMANEZCAN ACTIVADAS<\/strong><ul><li>Cookies de sesi\u00f3n: Recogen datos mientras el usuario navega por la red con la finalidad de prestar el servicio solicitado.<\/li><li>Cookies persistentes: Se almacenan en el terminal y la informaci\u00f3n obtenida ser\u00e1 utilizada por el responsable de la cookie con la finalidad de prestar el servicio solicitado.<\/li><\/ul><\/li><li><strong>SEG\u00daN LA FINALIDAD<\/strong><ul><li>Cookies t\u00e9cnicas: Son las necesarias para la correcta navegaci\u00f3n por la web.<\/li><li>Cookies de personalizaci\u00f3n: Permiten al usuario las caracter\u00edsticas (idioma) para la navegaci\u00f3n por la web.<\/li><li>Cookies de an\u00e1lisis: Permiten al prestador el an\u00e1lisis vinculado a la navegaci\u00f3n realizada por el usuario, con la finalidad de realizar un seguimiento del uso de la p\u00e1gina web, as\u00ed como elaborar estad\u00edsticas de los contenidos m\u00e1s visitados, n\u00famero de visitantes, etc.<\/li><li>Cookies publicitarias: Permiten al editor incluir en la web espacios publicitarios, seg\u00fan el contenido de la propia web.<\/li><li>Cookies de publicidad comportamental: Permiten al editor incluir en la p\u00e1gina web espacios publicitarios seg\u00fan la informaci\u00f3n obtenida a trav\u00e9s de los h\u00e1bitos de navegaci\u00f3n del usuario.<\/li><\/ul><\/li><\/ol><p>Seg\u00fan lo dispuesto en el art\u00edculo 22.2 de la Ley 34\/2002, de 11 de julio, de Servicios de la Sociedad de la Informaci\u00f3n y de Comercio Electr\u00f3nico (LSSI-CE), ARITMETIC DIGITAL M\u00c0RQUETING SL informa de las cookies utilizadas en su website:<\/p>\t\t\t\t\t\t\t\t<\/div>\n\t\t\t\t<\/div>\n\t\t\t\t<div class=\"elementor-element elementor-element-6a0c291 elementor-widget elementor-widget-text-editor\" data-id=\"6a0c291\" data-element_type=\"widget\" data-e-type=\"widget\" data-settings=\"{&quot;wdt_animation_effect&quot;:&quot;none&quot;}\" data-widget_type=\"text-editor.default\">\n\t\t\t\t<div class=\"elementor-widget-container\">\n\t\t\t\t\t\t\t\t\t<ul><li><strong>Google Analytics:<\/strong> Almacena cookies para poder elaborar estad\u00edsticas sobre el tr\u00e1fico y volumen de visitas de esta web. Al utilizar este sitio web est\u00e1 consintiendo el tratamiento de informaci\u00f3n sobre usted por Google. Por lo tanto, el ejercicio de cualquier derecho en este sentido deber\u00e1 hacerlo comunic\u00e1ndose directamente con Google.<br \/>Las cookies de Google Analytics se almacenan en servidores situados en los Estados Unidos y se compromete a no compartirla con terceros, excepto en los casos en los que sea necesario para el funcionamiento del sistema o cuando la ley obligue a tal efecto. Seg\u00fan Google no guarda su direcci\u00f3n IP.Google Inc. es una compa\u00f1\u00eda adherida a \u201cPrivacy Shield\u201d (escudo de privacidad) que garantiza que todos los datos transferidos ser\u00e1n tratados con un nivel de protecci\u00f3n acorde a la normativa europea. Puede consultar informaci\u00f3n detallada al respecto a trav\u00e9s del siguiente enlace: <a href=\"https:\/\/support.google.com\/analytics\/answer\/6004245\" target=\"_blank\" rel=\"nofollow noopener noreferrer\">https:\/\/support.google.com\/analytics\/answer\/6004245<\/a><br \/>Si lo desea puede utilizar el complemento de inhabilitaci\u00f3n para navegadores de Google Analytics a trav\u00e9s de las instrucciones mediante las cuales pueden rechazarse las cookies anal\u00edticas de este servicio en todos los navegadores. Puede consultar m\u00e1s informaci\u00f3n sobre este tema en el siguiente enlace: <a href=\"https:\/\/tools.google.com\/dlpage\/gaoptout\" target=\"_blank\" rel=\"nofollow noopener noreferrer\">https:\/\/tools.google.com\/dlpage\/gaoptout<\/a><\/li><\/ul><p>Asimismo, Ercbuli S.R.L. informa al usuario de que tiene la posibilidad de configurar su navegador de manera que se le informe de la recepci\u00f3n de cookies, pudiendo, si as\u00ed lo desea, impedir que sean instaladas en su disco duro.<\/p><p>A continuaci\u00f3n le proporcionamos los enlaces de diversos navegadores, a trav\u00e9s de los cuales podr\u00e1 realizar esta configuraci\u00f3n:<\/p><ul><li>Firefox:\u00a0<a href=\"https:\/\/support.mozilla.org\/es\/kb\/habilitar-y-deshabilitar-cookies-sitios-web-rastrear-preferencias?redirectlocale=es&amp;redirectslug=habilitar-y-deshabilitar-cookies-que-los-sitios-we\" target=\"_blank\" rel=\"nofollow noopener noreferrer\">https:\/\/support.mozilla.org\/es\/kb\/habilitar-y-deshabilitar-cookies-sitios-web-rastrear-preferencias?redirectlocale=es&amp;redirectslug=habilitar-y-deshabilitar-cookies-que-los-sitios-we<\/a><\/li><li>Chrome:\u00a0<a href=\"https:\/\/support.google.com\/chrome\/answer\/95647?hl=es\" target=\"_blank\" rel=\"nofollow noopener noreferrer\">https:\/\/support.google.com\/chrome\/answer\/95647?hl=es<\/a><\/li><li>Explorer:\u00a0<a href=\"https:\/\/support.microsoft.com\/es-es\/help\/17442\/windows-internet-explorer-delete-manage-cookies#ie=ie-10\" target=\"_blank\" rel=\"nofollow noopener noreferrer\">https:\/\/support.microsoft.com\/es-es\/help\/17442\/windows-internet-explorer-delete-manage-cookies#ie=ie-10<\/a><\/li><li>Safari:\u00a0<a href=\"https:\/\/support.apple.com\/es-es\/guide\/safari\/sfri11471\/mac\" target=\"_blank\" rel=\"nofollow noopener noreferrer\">https:\/\/support.apple.com\/es-es\/guide\/safari\/sfri11471\/mac<\/a><\/li><li>Opera:\u00a0<a href=\"https:\/\/help.opera.com\/en\/latest\/web-preferences\/#cookies\" target=\"_blank\" rel=\"nofollow noopener noreferrer\">https:\/\/help.opera.com\/en\/latest\/web-preferences\/#cookies<\/a><\/li><\/ul>\t\t\t\t\t\t\t\t<\/div>\n\t\t\t\t<\/div>\n\t\t\t\t\t<\/div>\n\t\t\t\t<\/div>\n\t\t\t\t<\/div>\n\t\t","protected":false},"excerpt":{"rendered":"<p>Pol\u00edtica de cookies INICIO Una cookie es un fichero que se descarga en su ordenador al acceder a determinadas p\u00e1ginas web. Las cookies permiten a una p\u00e1gina web, entre otras cosas, almacenar y recuperar informaci\u00f3n sobre los h\u00e1bitos de navegaci\u00f3n de un usuario o de su equipo y, dependiendo de la informaci\u00f3n que contenga y [&hellip;]<\/p>\n","protected":false},"author":1,"featured_media":0,"parent":0,"menu_order":0,"comment_status":"closed","ping_status":"closed","template":"","meta":{"_acf_changed":false,"footnotes":""},"class_list":["post-4639","page","type-page","status-publish","hentry"],"acf":[],"yoast_head":"<!-- This site is optimized with the Yoast SEO plugin v27.0 - https:\/\/yoast.com\/product\/yoast-seo-wordpress\/ -->\n<title>Pol\u00edtica de cookies - Els Tres Pins<\/title>\n<meta name=\"description\" content=\"P\u00e1gina de la pol\u00edtica de cookies del sitio web de Els Tres Pins.\" \/>\n<meta name=\"robots\" content=\"index, follow, max-snippet:-1, max-image-preview:large, max-video-preview:-1\" \/>\n<link rel=\"canonical\" href=\"https:\/\/www.elstrespins.com\/es\/politica-de-cookies\/\" \/>\n<meta property=\"og:locale\" content=\"es_ES\" \/>\n<meta property=\"og:type\" content=\"article\" \/>\n<meta property=\"og:title\" content=\"Pol\u00edtica de cookies - Els Tres Pins\" \/>\n<meta property=\"og:description\" content=\"P\u00e1gina de la pol\u00edtica de cookies del sitio web de Els Tres Pins.\" \/>\n<meta property=\"og:url\" content=\"https:\/\/www.elstrespins.com\/es\/politica-de-cookies\/\" \/>\n<meta property=\"og:site_name\" content=\"Els Tres Pins\" \/>\n<meta property=\"article:publisher\" content=\"https:\/\/www.facebook.com\/elstrespins\/\" \/>\n<meta property=\"article:modified_time\" content=\"2025-12-17T10:59:55+00:00\" \/>\n<meta property=\"og:image\" content=\"https:\/\/www.elstrespins.com\/wp-content\/uploads\/2025\/11\/logo-header.png\" \/>\n\t<meta property=\"og:image:width\" content=\"231\" \/>\n\t<meta property=\"og:image:height\" content=\"57\" \/>\n\t<meta property=\"og:image:type\" content=\"image\/png\" \/>\n<meta name=\"twitter:card\" content=\"summary_large_image\" \/>\n<meta name=\"twitter:label1\" content=\"Tiempo de lectura\" \/>\n\t<meta name=\"twitter:data1\" content=\"3 minutos\" \/>\n<script type=\"application\/ld+json\" class=\"yoast-schema-graph\">{\"@context\":\"https:\/\/schema.org\",\"@graph\":[{\"@type\":\"WebPage\",\"@id\":\"https:\/\/www.elstrespins.com\/es\/politica-de-cookies\/\",\"url\":\"https:\/\/www.elstrespins.com\/es\/politica-de-cookies\/\",\"name\":\"Pol\u00edtica de cookies - Els Tres Pins\",\"isPartOf\":{\"@id\":\"https:\/\/www.elstrespins.com\/es\/#website\"},\"datePublished\":\"2025-12-12T17:12:29+00:00\",\"dateModified\":\"2025-12-17T10:59:55+00:00\",\"description\":\"P\u00e1gina de la pol\u00edtica de cookies del sitio web de Els Tres Pins.\",\"breadcrumb\":{\"@id\":\"https:\/\/www.elstrespins.com\/es\/politica-de-cookies\/#breadcrumb\"},\"inLanguage\":\"es\",\"potentialAction\":[{\"@type\":\"ReadAction\",\"target\":[\"https:\/\/www.elstrespins.com\/es\/politica-de-cookies\/\"]}]},{\"@type\":\"BreadcrumbList\",\"@id\":\"https:\/\/www.elstrespins.com\/es\/politica-de-cookies\/#breadcrumb\",\"itemListElement\":[{\"@type\":\"ListItem\",\"position\":1,\"name\":\"Inici\",\"item\":\"https:\/\/www.elstrespins.com\/es\/\"},{\"@type\":\"ListItem\",\"position\":2,\"name\":\"Pol\u00edtica de cookies\"}]},{\"@type\":\"WebSite\",\"@id\":\"https:\/\/www.elstrespins.com\/es\/#website\",\"url\":\"https:\/\/www.elstrespins.com\/es\/\",\"name\":\"Els Tres Pins\",\"description\":\"\",\"publisher\":{\"@id\":\"https:\/\/www.elstrespins.com\/es\/#organization\"},\"alternateName\":\"Els Tres Pins\",\"potentialAction\":[{\"@type\":\"SearchAction\",\"target\":{\"@type\":\"EntryPoint\",\"urlTemplate\":\"https:\/\/www.elstrespins.com\/es\/?s={search_term_string}\"},\"query-input\":{\"@type\":\"PropertyValueSpecification\",\"valueRequired\":true,\"valueName\":\"search_term_string\"}}],\"inLanguage\":\"es\"},{\"@type\":\"Organization\",\"@id\":\"https:\/\/www.elstrespins.com\/es\/#organization\",\"name\":\"Els Tres Pins\",\"alternateName\":\"Els Tres Pins\",\"url\":\"https:\/\/www.elstrespins.com\/es\/\",\"logo\":{\"@type\":\"ImageObject\",\"inLanguage\":\"es\",\"@id\":\"https:\/\/www.elstrespins.com\/es\/#\/schema\/logo\/image\/\",\"url\":\"https:\/\/www.elstrespins.com\/wp-content\/uploads\/2025\/11\/logo-header.png\",\"contentUrl\":\"https:\/\/www.elstrespins.com\/wp-content\/uploads\/2025\/11\/logo-header.png\",\"width\":231,\"height\":57,\"caption\":\"Els Tres Pins\"},\"image\":{\"@id\":\"https:\/\/www.elstrespins.com\/es\/#\/schema\/logo\/image\/\"},\"sameAs\":[\"https:\/\/www.facebook.com\/elstrespins\/\"]}]}<\/script>\n<!-- \/ Yoast SEO plugin. -->","yoast_head_json":{"title":"Pol\u00edtica de cookies - Els Tres Pins","description":"P\u00e1gina de la pol\u00edtica de cookies del sitio web de Els Tres Pins.","robots":{"index":"index","follow":"follow","max-snippet":"max-snippet:-1","max-image-preview":"max-image-preview:large","max-video-preview":"max-video-preview:-1"},"canonical":"https:\/\/www.elstrespins.com\/es\/politica-de-cookies\/","og_locale":"es_ES","og_type":"article","og_title":"Pol\u00edtica de cookies - Els Tres Pins","og_description":"P\u00e1gina de la pol\u00edtica de cookies del sitio web de Els Tres Pins.","og_url":"https:\/\/www.elstrespins.com\/es\/politica-de-cookies\/","og_site_name":"Els Tres Pins","article_publisher":"https:\/\/www.facebook.com\/elstrespins\/","article_modified_time":"2025-12-17T10:59:55+00:00","og_image":[{"width":231,"height":57,"url":"https:\/\/www.elstrespins.com\/wp-content\/uploads\/2025\/11\/logo-header.png","type":"image\/png"}],"twitter_card":"summary_large_image","twitter_misc":{"Tiempo de lectura":"3 minutos"},"schema":{"@context":"https:\/\/schema.org","@graph":[{"@type":"WebPage","@id":"https:\/\/www.elstrespins.com\/es\/politica-de-cookies\/","url":"https:\/\/www.elstrespins.com\/es\/politica-de-cookies\/","name":"Pol\u00edtica de cookies - Els Tres Pins","isPartOf":{"@id":"https:\/\/www.elstrespins.com\/es\/#website"},"datePublished":"2025-12-12T17:12:29+00:00","dateModified":"2025-12-17T10:59:55+00:00","description":"P\u00e1gina de la pol\u00edtica de cookies del sitio web de Els Tres Pins.","breadcrumb":{"@id":"https:\/\/www.elstrespins.com\/es\/politica-de-cookies\/#breadcrumb"},"inLanguage":"es","potentialAction":[{"@type":"ReadAction","target":["https:\/\/www.elstrespins.com\/es\/politica-de-cookies\/"]}]},{"@type":"BreadcrumbList","@id":"https:\/\/www.elstrespins.com\/es\/politica-de-cookies\/#breadcrumb","itemListElement":[{"@type":"ListItem","position":1,"name":"Inici","item":"https:\/\/www.elstrespins.com\/es\/"},{"@type":"ListItem","position":2,"name":"Pol\u00edtica de cookies"}]},{"@type":"WebSite","@id":"https:\/\/www.elstrespins.com\/es\/#website","url":"https:\/\/www.elstrespins.com\/es\/","name":"Els Tres Pins","description":"","publisher":{"@id":"https:\/\/www.elstrespins.com\/es\/#organization"},"alternateName":"Els Tres Pins","potentialAction":[{"@type":"SearchAction","target":{"@type":"EntryPoint","urlTemplate":"https:\/\/www.elstrespins.com\/es\/?s={search_term_string}"},"query-input":{"@type":"PropertyValueSpecification","valueRequired":true,"valueName":"search_term_string"}}],"inLanguage":"es"},{"@type":"Organization","@id":"https:\/\/www.elstrespins.com\/es\/#organization","name":"Els Tres Pins","alternateName":"Els Tres Pins","url":"https:\/\/www.elstrespins.com\/es\/","logo":{"@type":"ImageObject","inLanguage":"es","@id":"https:\/\/www.elstrespins.com\/es\/#\/schema\/logo\/image\/","url":"https:\/\/www.elstrespins.com\/wp-content\/uploads\/2025\/11\/logo-header.png","contentUrl":"https:\/\/www.elstrespins.com\/wp-content\/uploads\/2025\/11\/logo-header.png","width":231,"height":57,"caption":"Els Tres Pins"},"image":{"@id":"https:\/\/www.elstrespins.com\/es\/#\/schema\/logo\/image\/"},"sameAs":["https:\/\/www.facebook.com\/elstrespins\/"]}]}},"_links":{"self":[{"href":"https:\/\/www.elstrespins.com\/es\/wp-json\/wp\/v2\/pages\/4639","targetHints":{"allow":["GET"]}}],"collection":[{"href":"https:\/\/www.elstrespins.com\/es\/wp-json\/wp\/v2\/pages"}],"about":[{"href":"https:\/\/www.elstrespins.com\/es\/wp-json\/wp\/v2\/types\/page"}],"author":[{"embeddable":true,"href":"https:\/\/www.elstrespins.com\/es\/wp-json\/wp\/v2\/users\/1"}],"replies":[{"embeddable":true,"href":"https:\/\/www.elstrespins.com\/es\/wp-json\/wp\/v2\/comments?post=4639"}],"version-history":[{"count":0,"href":"https:\/\/www.elstrespins.com\/es\/wp-json\/wp\/v2\/pages\/4639\/revisions"}],"wp:attachment":[{"href":"https:\/\/www.elstrespins.com\/es\/wp-json\/wp\/v2\/media?parent=4639"}],"curies":[{"name":"wp","href":"https:\/\/api.w.org\/{rel}","templated":true}]}}